{"id":1343,"date":"2021-11-17T10:07:02","date_gmt":"2021-11-17T08:07:02","guid":{"rendered":"https:\/\/pakendiringlus.ee\/?page_id=1343"},"modified":"2021-11-17T10:07:02","modified_gmt":"2021-11-17T08:07:02","slug":"about-packages","status":"publish","type":"page","link":"https:\/\/staging.pakendiringlus.ee\/en\/about-packages\/","title":{"rendered":"About packages"},"content":{"rendered":"","protected":false},"excerpt":{"rendered":"","protected":false},"author":1,"featured_media":1886,"parent":0,"menu_order":0,"comment_status":"closed","ping_status":"closed","template":"blogi.php","meta":{"_acf_changed":false,"footnotes":""},"acf":[],"yoast_head":"<!-- This site is optimized with the Yoast SEO plugin v24.5 - https:\/\/yoast.com\/wordpress\/plugins\/seo\/ -->\n<title>About packages - Eesti Pakendiringlus<\/title>\n<meta name=\"robots\" content=\"index, follow, max-snippet:-1, max-image-preview:large, max-video-preview:-1\" \/>\n<link rel=\"canonical\" href=\"https:\/\/pakendiringlus.ee\/en\/about-packages\/\" \/>\n<meta property=\"og:locale\" content=\"en_US\" \/>\n<meta property=\"og:type\" content=\"article\" \/>\n<meta property=\"og:title\" content=\"About packages - Eesti Pakendiringlus\" \/>\n<meta property=\"og:url\" content=\"https:\/\/pakendiringlus.ee\/en\/about-packages\/\" \/>\n<meta property=\"og:site_name\" content=\"Eesti Pakendiringlus\" \/>\n<meta property=\"article:publisher\" content=\"https:\/\/www.facebook.com\/profile.php?id=100063504522926\" \/>\n<meta name=\"twitter:card\" content=\"summary_large_image\" \/>\n<script type=\"application\/ld+json\" class=\"yoast-schema-graph\">{\"@context\":\"https:\/\/schema.org\",\"@graph\":[{\"@type\":\"WebPage\",\"@id\":\"https:\/\/pakendiringlus.ee\/en\/about-packages\/\",\"url\":\"https:\/\/pakendiringlus.ee\/en\/about-packages\/\",\"name\":\"About packages - Eesti Pakendiringlus\",\"isPartOf\":{\"@id\":\"https:\/\/pakendiringlus.ee\/#website\"},\"primaryImageOfPage\":{\"@id\":\"https:\/\/pakendiringlus.ee\/en\/about-packages\/#primaryimage\"},\"image\":{\"@id\":\"https:\/\/pakendiringlus.ee\/en\/about-packages\/#primaryimage\"},\"thumbnailUrl\":\"https:\/\/pakendiringlus.ee\/wp-content\/uploads\/2021\/04\/pakendite-jaatmete-prugi-sorteerimine-pakendiringlus.png\",\"datePublished\":\"2021-11-17T08:07:02+00:00\",\"breadcrumb\":{\"@id\":\"https:\/\/pakendiringlus.ee\/en\/about-packages\/#breadcrumb\"},\"inLanguage\":\"en-US\",\"potentialAction\":[{\"@type\":\"ReadAction\",\"target\":[\"https:\/\/pakendiringlus.ee\/en\/about-packages\/\"]}]},{\"@type\":\"ImageObject\",\"inLanguage\":\"en-US\",\"@id\":\"https:\/\/pakendiringlus.ee\/en\/about-packages\/#primaryimage\",\"url\":\"https:\/\/pakendiringlus.ee\/wp-content\/uploads\/2021\/04\/pakendite-jaatmete-prugi-sorteerimine-pakendiringlus.png\",\"contentUrl\":\"https:\/\/pakendiringlus.ee\/wp-content\/uploads\/2021\/04\/pakendite-jaatmete-prugi-sorteerimine-pakendiringlus.png\",\"width\":1000,\"height\":667,\"caption\":\"pakendite , j\u00e4\u00e4tmete ja pr\u00fcgi sorteerimine pakendiringlus\"},{\"@type\":\"BreadcrumbList\",\"@id\":\"https:\/\/pakendiringlus.ee\/en\/about-packages\/#breadcrumb\",\"itemListElement\":[{\"@type\":\"ListItem\",\"position\":1,\"name\":\"Home\",\"item\":\"https:\/\/pakendiringlus.ee\/\"},{\"@type\":\"ListItem\",\"position\":2,\"name\":\"About packages\"}]},{\"@type\":\"WebSite\",\"@id\":\"https:\/\/pakendiringlus.ee\/#website\",\"url\":\"https:\/\/pakendiringlus.ee\/\",\"name\":\"Eesti Pakendiringlus\",\"description\":\"\",\"publisher\":{\"@id\":\"https:\/\/pakendiringlus.ee\/#organization\"},\"alternateName\":\"www.pakendiringlus.ee\",\"potentialAction\":[{\"@type\":\"SearchAction\",\"target\":{\"@type\":\"EntryPoint\",\"urlTemplate\":\"https:\/\/pakendiringlus.ee\/?s={search_term_string}\"},\"query-input\":{\"@type\":\"PropertyValueSpecification\",\"valueRequired\":true,\"valueName\":\"search_term_string\"}}],\"inLanguage\":\"en-US\"},{\"@type\":\"Organization\",\"@id\":\"https:\/\/pakendiringlus.ee\/#organization\",\"name\":\"Eesti Pakendiringlus\",\"url\":\"https:\/\/pakendiringlus.ee\/\",\"logo\":{\"@type\":\"ImageObject\",\"inLanguage\":\"en-US\",\"@id\":\"https:\/\/pakendiringlus.ee\/#\/schema\/logo\/image\/\",\"url\":\"https:\/\/pakendiringlus.ee\/wp-content\/uploads\/2022\/10\/eesti-pakendiringlus-logo-small.png\",\"contentUrl\":\"https:\/\/pakendiringlus.ee\/wp-content\/uploads\/2022\/10\/eesti-pakendiringlus-logo-small.png\",\"width\":238,\"height\":212,\"caption\":\"Eesti Pakendiringlus\"},\"image\":{\"@id\":\"https:\/\/pakendiringlus.ee\/#\/schema\/logo\/image\/\"},\"sameAs\":[\"https:\/\/www.facebook.com\/profile.php?id=100063504522926\"]}]}<\/script>\n<!-- \/ Yoast SEO plugin. -->","yoast_head_json":{"title":"About packages - Eesti Pakendiringlus","robots":{"index":"index","follow":"follow","max-snippet":"max-snippet:-1","max-image-preview":"max-image-preview:large","max-video-preview":"max-video-preview:-1"},"canonical":"https:\/\/pakendiringlus.ee\/en\/about-packages\/","og_locale":"en_US","og_type":"article","og_title":"About packages - Eesti Pakendiringlus","og_url":"https:\/\/pakendiringlus.ee\/en\/about-packages\/","og_site_name":"Eesti Pakendiringlus","article_publisher":"https:\/\/www.facebook.com\/profile.php?id=100063504522926","twitter_card":"summary_large_image","schema":{"@context":"https:\/\/schema.org","@graph":[{"@type":"WebPage","@id":"https:\/\/pakendiringlus.ee\/en\/about-packages\/","url":"https:\/\/pakendiringlus.ee\/en\/about-packages\/","name":"About packages - Eesti Pakendiringlus","isPartOf":{"@id":"https:\/\/pakendiringlus.ee\/#website"},"primaryImageOfPage":{"@id":"https:\/\/pakendiringlus.ee\/en\/about-packages\/#primaryimage"},"image":{"@id":"https:\/\/pakendiringlus.ee\/en\/about-packages\/#primaryimage"},"thumbnailUrl":"https:\/\/pakendiringlus.ee\/wp-content\/uploads\/2021\/04\/pakendite-jaatmete-prugi-sorteerimine-pakendiringlus.png","datePublished":"2021-11-17T08:07:02+00:00","breadcrumb":{"@id":"https:\/\/pakendiringlus.ee\/en\/about-packages\/#breadcrumb"},"inLanguage":"en-US","potentialAction":[{"@type":"ReadAction","target":["https:\/\/pakendiringlus.ee\/en\/about-packages\/"]}]},{"@type":"ImageObject","inLanguage":"en-US","@id":"https:\/\/pakendiringlus.ee\/en\/about-packages\/#primaryimage","url":"https:\/\/pakendiringlus.ee\/wp-content\/uploads\/2021\/04\/pakendite-jaatmete-prugi-sorteerimine-pakendiringlus.png","contentUrl":"https:\/\/pakendiringlus.ee\/wp-content\/uploads\/2021\/04\/pakendite-jaatmete-prugi-sorteerimine-pakendiringlus.png","width":1000,"height":667,"caption":"pakendite , j\u00e4\u00e4tmete ja pr\u00fcgi sorteerimine pakendiringlus"},{"@type":"BreadcrumbList","@id":"https:\/\/pakendiringlus.ee\/en\/about-packages\/#breadcrumb","itemListElement":[{"@type":"ListItem","position":1,"name":"Home","item":"https:\/\/pakendiringlus.ee\/"},{"@type":"ListItem","position":2,"name":"About packages"}]},{"@type":"WebSite","@id":"https:\/\/pakendiringlus.ee\/#website","url":"https:\/\/pakendiringlus.ee\/","name":"Eesti Pakendiringlus","description":"","publisher":{"@id":"https:\/\/pakendiringlus.ee\/#organization"},"alternateName":"www.pakendiringlus.ee","potentialAction":[{"@type":"SearchAction","target":{"@type":"EntryPoint","urlTemplate":"https:\/\/pakendiringlus.ee\/?s={search_term_string}"},"query-input":{"@type":"PropertyValueSpecification","valueRequired":true,"valueName":"search_term_string"}}],"inLanguage":"en-US"},{"@type":"Organization","@id":"https:\/\/pakendiringlus.ee\/#organization","name":"Eesti Pakendiringlus","url":"https:\/\/pakendiringlus.ee\/","logo":{"@type":"ImageObject","inLanguage":"en-US","@id":"https:\/\/pakendiringlus.ee\/#\/schema\/logo\/image\/","url":"https:\/\/pakendiringlus.ee\/wp-content\/uploads\/2022\/10\/eesti-pakendiringlus-logo-small.png","contentUrl":"https:\/\/pakendiringlus.ee\/wp-content\/uploads\/2022\/10\/eesti-pakendiringlus-logo-small.png","width":238,"height":212,"caption":"Eesti Pakendiringlus"},"image":{"@id":"https:\/\/pakendiringlus.ee\/#\/schema\/logo\/image\/"},"sameAs":["https:\/\/www.facebook.com\/profile.php?id=100063504522926"]}]}},"_links":{"self":[{"href":"https:\/\/staging.pakendiringlus.ee\/en\/wp-json\/wp\/v2\/pages\/1343"}],"collection":[{"href":"https:\/\/staging.pakendiringlus.ee\/en\/wp-json\/wp\/v2\/pages"}],"about":[{"href":"https:\/\/staging.pakendiringlus.ee\/en\/wp-json\/wp\/v2\/types\/page"}],"author":[{"embeddable":true,"href":"https:\/\/staging.pakendiringlus.ee\/en\/wp-json\/wp\/v2\/users\/1"}],"replies":[{"embeddable":true,"href":"https:\/\/staging.pakendiringlus.ee\/en\/wp-json\/wp\/v2\/comments?post=1343"}],"version-history":[{"count":1,"href":"https:\/\/staging.pakendiringlus.ee\/en\/wp-json\/wp\/v2\/pages\/1343\/revisions"}],"predecessor-version":[{"id":1344,"href":"https:\/\/staging.pakendiringlus.ee\/en\/wp-json\/wp\/v2\/pages\/1343\/revisions\/1344"}],"wp:featuredmedia":[{"embeddable":true,"href":"https:\/\/staging.pakendiringlus.ee\/en\/wp-json\/wp\/v2\/media\/1886"}],"wp:attachment":[{"href":"https:\/\/staging.pakendiringlus.ee\/en\/wp-json\/wp\/v2\/media?parent=1343"}],"curies":[{"name":"wp","href":"https:\/\/api.w.org\/{rel}","templated":true}]}}