{"id":3064,"date":"2025-12-31T10:15:00","date_gmt":"2025-12-31T08:15:00","guid":{"rendered":"https:\/\/pakendiringlus.ee\/?page_id=3064"},"modified":"2025-12-31T10:23:02","modified_gmt":"2025-12-31T08:23:02","slug":"packaging-regulation-ppwr","status":"publish","type":"page","link":"https:\/\/staging.pakendiringlus.ee\/en\/services\/for-the-entrepreneurs\/packaging-regulation-ppwr\/","title":{"rendered":"Packaging Regulation (PPWR)"},"content":{"rendered":"<p>Euroopa Liidu tasandil on vastu v\u00f5etud uus pakendite ja pakendij\u00e4\u00e4tmete m\u00e4\u00e4rus (PPWR), mis asendab senise direktiivi ja kehtestab esmakordselt \u00fchtsed, otsekohalduvad reeglid k\u00f5igile liikmesriikidele. M\u00e4\u00e4ruse eesm\u00e4rk on \u00fchtlustada pakendite materjalide ja pakendamise n\u00f5udeid \u00fcle EL-i, v\u00e4hendada pakendij\u00e4\u00e4tmete teket ning suurendada korduskasutust ja ringlussev\u00f5ttu.<\/p>\n<p>Need muudatused hakkavad kehtima j\u00e4rk-j\u00e4rgult alates 2026. aastast ning m\u00f5jutavad k\u00f5iki ettev\u00f5tteid, kes lasevad pakendeid v\u00f5i pakendatud tooteid turule.<\/p>\n<p>Millised on peamised muudatused?<\/p>\n<p>1. Uus raamistik kogu EL-is<br \/>\nPPWR j\u00f5ustus 2025. aasta veebruaris ning hakkab valdavas osas kehtima 12. augustist 2026. Erinevalt direktiivist ei vaja m\u00e4\u00e4rus riigisisest \u00fclev\u00f5tmist, mist\u00f5ttu muutuvad n\u00f5uded Eestis automaatselt kohaldatavaks. Vastutus laieneb pakendi disainile, materjalivalikule, m\u00e4rgistusele ja ringlussev\u00f5etavusele.<\/p>\n<p>K\u00f5ige olulisem p\u00f5him\u00f5te on, et alates 2030. aastast peavad k\u00f5ik pakendid olema ringlussev\u00f5etavad. Keelatud on keerulised segamaterjalid ja disainilahendused, mis takistavad sorteerimist v\u00f5i \u00fcmbert\u00f6\u00f6tlemist. Lisaks kehtestatakse ringlussev\u00f5etud plasti miinimumosakaalud, mis t\u00f5usevad j\u00e4rk-j\u00e4rgult kuni 2040. aastani. See m\u00f5jutab eriti plastpakendite tootjaid ja maaletoojaid.<\/p>\n<p>2. Pakendite minimeerimine ja \u201et\u00fchja ruumi&#8221; v\u00e4ltimine<br \/>\nPPWR seab selged piirid pakendite \u00fclem\u00e4\u00e4rasele kasutamisele. Alates 2030. aastast peab pakendi mass ja maht olema viidud miinimumini, mis on vajalik toote funktsionaalsuseks. Keelatud on pakendid, mille eesm\u00e4rk on \u00fcksnes toote visuaalne \u201esuurendamine\u201c, n\u00e4iteks topeltseinad v\u00f5i p\u00f5hjapaksendused.<\/p>\n<p>Lisaks kehtestatakse t\u00fchja ruumi piirang (max 50%) r\u00fchma-, veo- ja e-kaubanduse pakenditele, mis m\u00f5jutab otseselt logistikalahendusi ja e-kaubandusega tegelevaid ettev\u00f5tteid.<\/p>\n<p>3. M\u00e4rgistus ja tarbijainfo<br \/>\nPakendite m\u00e4rgistamine muutub \u00fchtseks kogu ELis. Alates 2028. aastast peavad pakendid kandma standardseid piktogramme, mis juhendavad tarbijat liigiti kogumisel. Eksitav keskkonnateave ja nn rohepesu on selges\u00f5naliselt keelatud. Korduskasutatavatel pakenditel peab olema vastav viide hiljemalt 2029. aastaks.<\/p>\n<p>4. Korduskasutus ja taast\u00e4itmine<br \/>\nPPWR nihutab fookust \u00fchekordselt kasutamiselt korduskasutusele. Teatud pakendigruppidele (nt B2B veopakendid, joogipakendid jaem\u00fc\u00fcgis) kehtestatakse kohustuslikud korduskasutuse sihtm\u00e4\u00e4rad. Samuti laienevad taast\u00e4itmise v\u00f5imalused, eelk\u00f5ige jaekaubanduses ja HoReCa sektoris, kus tarbijale tuleb v\u00f5imaldada oma anuma kasutamist.<\/p>\n<p>5. Laiendatud tootjavastutus ja registreerimine<br \/>\nTootjavastutus muutub senisest \u00fchtsemaks ja l\u00e4bipaistvamaks. Ettev\u00f5tja peab end registreerima igas liikmesriigis, kus ta pakendeid esmakordselt turule laseb. Eestis t\u00e4hendab see, et pakendatud toodet ei tohi turule lasta ilma kehtiva registreeringuta. Lisaks laienevad EPR-kulud, h\u00f5lmates muu hulgas ka m\u00e4rgistatud j\u00e4\u00e4tmemahutite ja j\u00e4\u00e4tmeuuringute kulusid.<\/p>\n<p>Olulisemate muudatuste koondtabel<\/p>\n<table class=\"w-fit min-w-(--thread-content-width)\" style=\"height: 244px;\" width=\"711\" data-start=\"3394\" data-end=\"4183\">\n<thead data-start=\"3394\" data-end=\"3454\">\n<tr data-start=\"3394\" data-end=\"3454\">\n<th style=\"text-align: left;\" data-start=\"3394\" data-end=\"3405\" data-col-size=\"sm\">Valdkond<\/th>\n<th style=\"text-align: left;\" data-start=\"3405\" data-end=\"3416\" data-col-size=\"md\">Muudatus<\/th>\n<th style=\"text-align: left;\" data-start=\"3416\" data-end=\"3434\" data-col-size=\"sm\">Rakendub<\/th>\n<th data-start=\"3434\" data-end=\"3454\" data-col-size=\"sm\"><\/th>\n<\/tr>\n<\/thead>\n<tbody data-start=\"3512\" data-end=\"4183\">\n<tr data-start=\"3512\" data-end=\"3613\">\n<td data-start=\"3512\" data-end=\"3529\" data-col-size=\"sm\">\u00d5igusraamistik<\/td>\n<td data-start=\"3529\" data-end=\"3562\" data-col-size=\"md\">PPWR asendab pakendidirektiivi<\/td>\n<td data-start=\"3562\" data-end=\"3575\" data-col-size=\"sm\">12.08.2026<\/td>\n<td data-start=\"3575\" data-end=\"3613\" data-col-size=\"sm\"><\/td>\n<\/tr>\n<tr data-start=\"3614\" data-end=\"3729\">\n<td data-start=\"3614\" data-end=\"3634\" data-col-size=\"sm\">Ringlussev\u00f5etavus<\/td>\n<td data-start=\"3634\" data-end=\"3681\" data-col-size=\"md\">K\u00f5ik pakendid peavad olema ringlussev\u00f5etavad<\/td>\n<td data-start=\"3681\" data-end=\"3688\" data-col-size=\"sm\">2030<\/td>\n<td data-start=\"3688\" data-end=\"3729\" data-col-size=\"sm\"><\/td>\n<\/tr>\n<tr data-start=\"3730\" data-end=\"3840\">\n<td data-start=\"3730\" data-end=\"3749\" data-col-size=\"sm\">Taaskasutatud plast<\/td>\n<td data-start=\"3749\" data-end=\"3792\" data-col-size=\"md\">Sihtm\u00e4\u00e4r ringlussev\u00f5etud plastile<\/td>\n<td data-start=\"3792\" data-end=\"3806\" data-col-size=\"sm\">2030\/2040<\/td>\n<td data-start=\"3806\" data-end=\"3840\" data-col-size=\"sm\"><\/td>\n<\/tr>\n<tr data-start=\"3841\" data-end=\"3926\">\n<td data-start=\"3841\" data-end=\"3855\" data-col-size=\"sm\">Pakendimaht<\/td>\n<td data-start=\"3855\" data-end=\"3881\" data-col-size=\"md\">T\u00fchja ruumi piirang 50%<\/td>\n<td data-start=\"3881\" data-end=\"3888\" data-col-size=\"sm\">2030<\/td>\n<td data-start=\"3888\" data-end=\"3926\" data-col-size=\"sm\"><\/td>\n<\/tr>\n<tr data-start=\"3927\" data-end=\"4000\">\n<td data-start=\"3927\" data-end=\"3939\" data-col-size=\"sm\">M\u00e4rgistus<\/td>\n<td data-start=\"3939\" data-end=\"3964\" data-col-size=\"md\">\u00dchtsed piktogrammid<\/td>\n<td data-start=\"3964\" data-end=\"3971\" data-col-size=\"sm\">2028<\/td>\n<td data-start=\"3971\" data-end=\"4000\" data-col-size=\"sm\"><\/td>\n<\/tr>\n<tr data-start=\"4001\" data-end=\"4088\">\n<td data-start=\"4001\" data-end=\"4017\" data-col-size=\"sm\">Korduskasutus<\/td>\n<td data-start=\"4017\" data-end=\"4044\" data-col-size=\"md\">Kohustuslikud sihtm\u00e4\u00e4rad<\/td>\n<td data-start=\"4044\" data-end=\"4053\" data-col-size=\"sm\">2030 \u2192<\/td>\n<td data-start=\"4053\" data-end=\"4088\" data-col-size=\"sm\"><\/td>\n<\/tr>\n<tr data-start=\"4089\" data-end=\"4183\">\n<td data-start=\"4089\" data-end=\"4106\" data-col-size=\"sm\">Tootjavastutus<\/td>\n<td data-start=\"4106\" data-end=\"4136\" data-col-size=\"md\">Kohustuslik registreerimine<\/td>\n<td data-start=\"4136\" data-end=\"4148\" data-col-size=\"sm\">2026\/2027<\/td>\n<td data-start=\"4148\" data-end=\"4183\" data-col-size=\"sm\"><\/td>\n<\/tr>\n<\/tbody>\n<\/table>\n<p>&nbsp;<\/p>\n<p>T\u00e4psema \u00fclevaate saab Kliimaministeeriumi materjalidest SIIT.<\/p>\n<p>Rohkem infot leiab Kliimaministeeriumi veebilehel SIIT.<\/p>\n","protected":false},"excerpt":{"rendered":"<p>Euroopa Liidu tasandil on vastu v\u00f5etud uus pakendite ja pakendij\u00e4\u00e4tmete m\u00e4\u00e4rus (PPWR), mis asendab senise direktiivi ja kehtestab esmakordselt \u00fchtsed, otsekohalduvad reeglid k\u00f5igile liikmesriikidele. M\u00e4\u00e4ruse eesm\u00e4rk on \u00fchtlustada pakendite materjalide ja pakendamise n\u00f5udeid \u00fcle EL-i, v\u00e4hendada pakendij\u00e4\u00e4tmete teket ning suurendada korduskasutust ja ringlussev\u00f5ttu. Need muudatused hakkavad kehtima j\u00e4rk-j\u00e4rgult alates 2026. aastast ning m\u00f5jutavad k\u00f5iki ettev\u00f5tteid, &hellip; <\/p>\n<p class=\"link-more\"><a href=\"https:\/\/staging.pakendiringlus.ee\/en\/services\/for-the-entrepreneurs\/packaging-regulation-ppwr\/\" class=\"more-link\">Continue reading<span class=\"screen-reader-text\"> &#8220;Packaging Regulation (PPWR)&#8221;<\/span><\/a><\/p>\n","protected":false},"author":5,"featured_media":1882,"parent":662,"menu_order":8,"comment_status":"closed","ping_status":"closed","template":"page-sidebar.php","meta":{"_acf_changed":false,"footnotes":""},"acf":[],"yoast_head":"<!-- This site is optimized with the Yoast SEO plugin v24.5 - https:\/\/yoast.com\/wordpress\/plugins\/seo\/ -->\n<title>Packaging Regulation (PPWR) - Eesti Pakendiringlus<\/title>\n<meta name=\"robots\" content=\"index, follow, max-snippet:-1, max-image-preview:large, max-video-preview:-1\" \/>\n<link rel=\"canonical\" href=\"https:\/\/pakendiringlus.ee\/en\/services\/for-the-entrepreneurs\/packaging-regulation-ppwr\/\" \/>\n<meta property=\"og:locale\" content=\"en_US\" \/>\n<meta property=\"og:type\" content=\"article\" \/>\n<meta property=\"og:title\" content=\"Packaging Regulation (PPWR) - Eesti Pakendiringlus\" \/>\n<meta property=\"og:description\" content=\"Euroopa Liidu tasandil on vastu v\u00f5etud uus pakendite ja pakendij\u00e4\u00e4tmete m\u00e4\u00e4rus (PPWR), mis asendab senise direktiivi ja kehtestab esmakordselt \u00fchtsed, otsekohalduvad reeglid k\u00f5igile liikmesriikidele. M\u00e4\u00e4ruse eesm\u00e4rk on \u00fchtlustada pakendite materjalide ja pakendamise n\u00f5udeid \u00fcle EL-i, v\u00e4hendada pakendij\u00e4\u00e4tmete teket ning suurendada korduskasutust ja ringlussev\u00f5ttu. Need muudatused hakkavad kehtima j\u00e4rk-j\u00e4rgult alates 2026. aastast ning m\u00f5jutavad k\u00f5iki ettev\u00f5tteid, &hellip; Continue reading &quot;Packaging Regulation (PPWR)&quot;\" \/>\n<meta property=\"og:url\" content=\"https:\/\/pakendiringlus.ee\/en\/services\/for-the-entrepreneurs\/packaging-regulation-ppwr\/\" \/>\n<meta property=\"og:site_name\" content=\"Eesti Pakendiringlus\" \/>\n<meta property=\"article:publisher\" content=\"https:\/\/www.facebook.com\/profile.php?id=100063504522926\" \/>\n<meta property=\"article:modified_time\" content=\"2025-12-31T08:23:02+00:00\" \/>\n<meta property=\"og:image\" content=\"https:\/\/pakendiringlus.ee\/wp-content\/uploads\/2021\/06\/mis-pakendeid-saab-taaskasutada-pakendiringlus.png\" \/>\n\t<meta property=\"og:image:width\" content=\"1024\" \/>\n\t<meta property=\"og:image:height\" content=\"699\" \/>\n\t<meta property=\"og:image:type\" content=\"image\/png\" \/>\n<meta name=\"twitter:card\" content=\"summary_large_image\" \/>\n<meta name=\"twitter:label1\" content=\"Est. reading time\" \/>\n\t<meta name=\"twitter:data1\" content=\"3 minutes\" \/>\n<script type=\"application\/ld+json\" class=\"yoast-schema-graph\">{\"@context\":\"https:\/\/schema.org\",\"@graph\":[{\"@type\":\"WebPage\",\"@id\":\"https:\/\/pakendiringlus.ee\/en\/services\/for-the-entrepreneurs\/packaging-regulation-ppwr\/\",\"url\":\"https:\/\/pakendiringlus.ee\/en\/services\/for-the-entrepreneurs\/packaging-regulation-ppwr\/\",\"name\":\"Packaging Regulation (PPWR) - Eesti Pakendiringlus\",\"isPartOf\":{\"@id\":\"https:\/\/pakendiringlus.ee\/#website\"},\"primaryImageOfPage\":{\"@id\":\"https:\/\/pakendiringlus.ee\/en\/services\/for-the-entrepreneurs\/packaging-regulation-ppwr\/#primaryimage\"},\"image\":{\"@id\":\"https:\/\/pakendiringlus.ee\/en\/services\/for-the-entrepreneurs\/packaging-regulation-ppwr\/#primaryimage\"},\"thumbnailUrl\":\"https:\/\/pakendiringlus.ee\/wp-content\/uploads\/2021\/06\/mis-pakendeid-saab-taaskasutada-pakendiringlus.png\",\"datePublished\":\"2025-12-31T08:15:00+00:00\",\"dateModified\":\"2025-12-31T08:23:02+00:00\",\"breadcrumb\":{\"@id\":\"https:\/\/pakendiringlus.ee\/en\/services\/for-the-entrepreneurs\/packaging-regulation-ppwr\/#breadcrumb\"},\"inLanguage\":\"en-US\",\"potentialAction\":[{\"@type\":\"ReadAction\",\"target\":[\"https:\/\/pakendiringlus.ee\/en\/services\/for-the-entrepreneurs\/packaging-regulation-ppwr\/\"]}]},{\"@type\":\"ImageObject\",\"inLanguage\":\"en-US\",\"@id\":\"https:\/\/pakendiringlus.ee\/en\/services\/for-the-entrepreneurs\/packaging-regulation-ppwr\/#primaryimage\",\"url\":\"https:\/\/pakendiringlus.ee\/wp-content\/uploads\/2021\/06\/mis-pakendeid-saab-taaskasutada-pakendiringlus.png\",\"contentUrl\":\"https:\/\/pakendiringlus.ee\/wp-content\/uploads\/2021\/06\/mis-pakendeid-saab-taaskasutada-pakendiringlus.png\",\"width\":1024,\"height\":699,\"caption\":\"pakendite taaskasutamine pakendiringlus\"},{\"@type\":\"BreadcrumbList\",\"@id\":\"https:\/\/pakendiringlus.ee\/en\/services\/for-the-entrepreneurs\/packaging-regulation-ppwr\/#breadcrumb\",\"itemListElement\":[{\"@type\":\"ListItem\",\"position\":1,\"name\":\"Home\",\"item\":\"https:\/\/pakendiringlus.ee\/\"},{\"@type\":\"ListItem\",\"position\":2,\"name\":\"Services\",\"item\":\"https:\/\/pakendiringlus.ee\/en\/services\/\"},{\"@type\":\"ListItem\",\"position\":3,\"name\":\"For the entrepreneurs\",\"item\":\"https:\/\/pakendiringlus.ee\/en\/services\/for-the-entrepreneurs\/\"},{\"@type\":\"ListItem\",\"position\":4,\"name\":\"Packaging Regulation (PPWR)\"}]},{\"@type\":\"WebSite\",\"@id\":\"https:\/\/pakendiringlus.ee\/#website\",\"url\":\"https:\/\/pakendiringlus.ee\/\",\"name\":\"Eesti Pakendiringlus\",\"description\":\"\",\"publisher\":{\"@id\":\"https:\/\/pakendiringlus.ee\/#organization\"},\"alternateName\":\"www.pakendiringlus.ee\",\"potentialAction\":[{\"@type\":\"SearchAction\",\"target\":{\"@type\":\"EntryPoint\",\"urlTemplate\":\"https:\/\/pakendiringlus.ee\/?s={search_term_string}\"},\"query-input\":{\"@type\":\"PropertyValueSpecification\",\"valueRequired\":true,\"valueName\":\"search_term_string\"}}],\"inLanguage\":\"en-US\"},{\"@type\":\"Organization\",\"@id\":\"https:\/\/pakendiringlus.ee\/#organization\",\"name\":\"Eesti Pakendiringlus\",\"url\":\"https:\/\/pakendiringlus.ee\/\",\"logo\":{\"@type\":\"ImageObject\",\"inLanguage\":\"en-US\",\"@id\":\"https:\/\/pakendiringlus.ee\/#\/schema\/logo\/image\/\",\"url\":\"https:\/\/pakendiringlus.ee\/wp-content\/uploads\/2022\/10\/eesti-pakendiringlus-logo-small.png\",\"contentUrl\":\"https:\/\/pakendiringlus.ee\/wp-content\/uploads\/2022\/10\/eesti-pakendiringlus-logo-small.png\",\"width\":238,\"height\":212,\"caption\":\"Eesti Pakendiringlus\"},\"image\":{\"@id\":\"https:\/\/pakendiringlus.ee\/#\/schema\/logo\/image\/\"},\"sameAs\":[\"https:\/\/www.facebook.com\/profile.php?id=100063504522926\"]}]}<\/script>\n<!-- \/ Yoast SEO plugin. -->","yoast_head_json":{"title":"Packaging Regulation (PPWR) - Eesti Pakendiringlus","robots":{"index":"index","follow":"follow","max-snippet":"max-snippet:-1","max-image-preview":"max-image-preview:large","max-video-preview":"max-video-preview:-1"},"canonical":"https:\/\/pakendiringlus.ee\/en\/services\/for-the-entrepreneurs\/packaging-regulation-ppwr\/","og_locale":"en_US","og_type":"article","og_title":"Packaging Regulation (PPWR) - Eesti Pakendiringlus","og_description":"Euroopa Liidu tasandil on vastu v\u00f5etud uus pakendite ja pakendij\u00e4\u00e4tmete m\u00e4\u00e4rus (PPWR), mis asendab senise direktiivi ja kehtestab esmakordselt \u00fchtsed, otsekohalduvad reeglid k\u00f5igile liikmesriikidele. M\u00e4\u00e4ruse eesm\u00e4rk on \u00fchtlustada pakendite materjalide ja pakendamise n\u00f5udeid \u00fcle EL-i, v\u00e4hendada pakendij\u00e4\u00e4tmete teket ning suurendada korduskasutust ja ringlussev\u00f5ttu. Need muudatused hakkavad kehtima j\u00e4rk-j\u00e4rgult alates 2026. aastast ning m\u00f5jutavad k\u00f5iki ettev\u00f5tteid, &hellip; Continue reading \"Packaging Regulation (PPWR)\"","og_url":"https:\/\/pakendiringlus.ee\/en\/services\/for-the-entrepreneurs\/packaging-regulation-ppwr\/","og_site_name":"Eesti Pakendiringlus","article_publisher":"https:\/\/www.facebook.com\/profile.php?id=100063504522926","article_modified_time":"2025-12-31T08:23:02+00:00","og_image":[{"width":1024,"height":699,"url":"https:\/\/pakendiringlus.ee\/wp-content\/uploads\/2021\/06\/mis-pakendeid-saab-taaskasutada-pakendiringlus.png","type":"image\/png"}],"twitter_card":"summary_large_image","twitter_misc":{"Est. reading time":"3 minutes"},"schema":{"@context":"https:\/\/schema.org","@graph":[{"@type":"WebPage","@id":"https:\/\/pakendiringlus.ee\/en\/services\/for-the-entrepreneurs\/packaging-regulation-ppwr\/","url":"https:\/\/pakendiringlus.ee\/en\/services\/for-the-entrepreneurs\/packaging-regulation-ppwr\/","name":"Packaging Regulation (PPWR) - Eesti Pakendiringlus","isPartOf":{"@id":"https:\/\/pakendiringlus.ee\/#website"},"primaryImageOfPage":{"@id":"https:\/\/pakendiringlus.ee\/en\/services\/for-the-entrepreneurs\/packaging-regulation-ppwr\/#primaryimage"},"image":{"@id":"https:\/\/pakendiringlus.ee\/en\/services\/for-the-entrepreneurs\/packaging-regulation-ppwr\/#primaryimage"},"thumbnailUrl":"https:\/\/pakendiringlus.ee\/wp-content\/uploads\/2021\/06\/mis-pakendeid-saab-taaskasutada-pakendiringlus.png","datePublished":"2025-12-31T08:15:00+00:00","dateModified":"2025-12-31T08:23:02+00:00","breadcrumb":{"@id":"https:\/\/pakendiringlus.ee\/en\/services\/for-the-entrepreneurs\/packaging-regulation-ppwr\/#breadcrumb"},"inLanguage":"en-US","potentialAction":[{"@type":"ReadAction","target":["https:\/\/pakendiringlus.ee\/en\/services\/for-the-entrepreneurs\/packaging-regulation-ppwr\/"]}]},{"@type":"ImageObject","inLanguage":"en-US","@id":"https:\/\/pakendiringlus.ee\/en\/services\/for-the-entrepreneurs\/packaging-regulation-ppwr\/#primaryimage","url":"https:\/\/pakendiringlus.ee\/wp-content\/uploads\/2021\/06\/mis-pakendeid-saab-taaskasutada-pakendiringlus.png","contentUrl":"https:\/\/pakendiringlus.ee\/wp-content\/uploads\/2021\/06\/mis-pakendeid-saab-taaskasutada-pakendiringlus.png","width":1024,"height":699,"caption":"pakendite taaskasutamine pakendiringlus"},{"@type":"BreadcrumbList","@id":"https:\/\/pakendiringlus.ee\/en\/services\/for-the-entrepreneurs\/packaging-regulation-ppwr\/#breadcrumb","itemListElement":[{"@type":"ListItem","position":1,"name":"Home","item":"https:\/\/pakendiringlus.ee\/"},{"@type":"ListItem","position":2,"name":"Services","item":"https:\/\/pakendiringlus.ee\/en\/services\/"},{"@type":"ListItem","position":3,"name":"For the entrepreneurs","item":"https:\/\/pakendiringlus.ee\/en\/services\/for-the-entrepreneurs\/"},{"@type":"ListItem","position":4,"name":"Packaging Regulation (PPWR)"}]},{"@type":"WebSite","@id":"https:\/\/pakendiringlus.ee\/#website","url":"https:\/\/pakendiringlus.ee\/","name":"Eesti Pakendiringlus","description":"","publisher":{"@id":"https:\/\/pakendiringlus.ee\/#organization"},"alternateName":"www.pakendiringlus.ee","potentialAction":[{"@type":"SearchAction","target":{"@type":"EntryPoint","urlTemplate":"https:\/\/pakendiringlus.ee\/?s={search_term_string}"},"query-input":{"@type":"PropertyValueSpecification","valueRequired":true,"valueName":"search_term_string"}}],"inLanguage":"en-US"},{"@type":"Organization","@id":"https:\/\/pakendiringlus.ee\/#organization","name":"Eesti Pakendiringlus","url":"https:\/\/pakendiringlus.ee\/","logo":{"@type":"ImageObject","inLanguage":"en-US","@id":"https:\/\/pakendiringlus.ee\/#\/schema\/logo\/image\/","url":"https:\/\/pakendiringlus.ee\/wp-content\/uploads\/2022\/10\/eesti-pakendiringlus-logo-small.png","contentUrl":"https:\/\/pakendiringlus.ee\/wp-content\/uploads\/2022\/10\/eesti-pakendiringlus-logo-small.png","width":238,"height":212,"caption":"Eesti Pakendiringlus"},"image":{"@id":"https:\/\/pakendiringlus.ee\/#\/schema\/logo\/image\/"},"sameAs":["https:\/\/www.facebook.com\/profile.php?id=100063504522926"]}]}},"_links":{"self":[{"href":"https:\/\/staging.pakendiringlus.ee\/en\/wp-json\/wp\/v2\/pages\/3064"}],"collection":[{"href":"https:\/\/staging.pakendiringlus.ee\/en\/wp-json\/wp\/v2\/pages"}],"about":[{"href":"https:\/\/staging.pakendiringlus.ee\/en\/wp-json\/wp\/v2\/types\/page"}],"author":[{"embeddable":true,"href":"https:\/\/staging.pakendiringlus.ee\/en\/wp-json\/wp\/v2\/users\/5"}],"replies":[{"embeddable":true,"href":"https:\/\/staging.pakendiringlus.ee\/en\/wp-json\/wp\/v2\/comments?post=3064"}],"version-history":[{"count":4,"href":"https:\/\/staging.pakendiringlus.ee\/en\/wp-json\/wp\/v2\/pages\/3064\/revisions"}],"predecessor-version":[{"id":3069,"href":"https:\/\/staging.pakendiringlus.ee\/en\/wp-json\/wp\/v2\/pages\/3064\/revisions\/3069"}],"up":[{"embeddable":true,"href":"https:\/\/staging.pakendiringlus.ee\/en\/wp-json\/wp\/v2\/pages\/662"}],"wp:featuredmedia":[{"embeddable":true,"href":"https:\/\/staging.pakendiringlus.ee\/en\/wp-json\/wp\/v2\/media\/1882"}],"wp:attachment":[{"href":"https:\/\/staging.pakendiringlus.ee\/en\/wp-json\/wp\/v2\/media?parent=3064"}],"curies":[{"name":"wp","href":"https:\/\/api.w.org\/{rel}","templated":true}]}}