{"id":683,"date":"2020-01-30T12:48:48","date_gmt":"2020-01-30T10:48:48","guid":{"rendered":"https:\/\/pakendiringlus.ee\/?page_id=683"},"modified":"2023-02-10T13:22:04","modified_gmt":"2023-02-10T11:22:04","slug":"how-to-join","status":"publish","type":"page","link":"https:\/\/staging.pakendiringlus.ee\/en\/services\/for-the-entrepreneurs\/how-to-join\/","title":{"rendered":"How to join?"},"content":{"rendered":"<p>Joining us is easy. Let us know of your wish to join by calling (tel.: +372 633 9240) or e-mailing (info@pakendiringlus.ee) us or fill in a form <a href=\"https:\/\/staging.pakendiringlus.ee\/en\/concluding-a-contract\/\">HERE<\/a>.<\/p>\n<p>After entry into the packaging contract, the packaging undertaking will be deemed to have transferred their obligations to us (from the beginning of the quarter in which the contract is entered into); we will be collecting the packaging released on the Estonian market by the packaging undertaking and direct them to recycling, i.e. we will fulfil the obligation arising from the Packaging Act.<\/p>\n<p>There are no subscription or annual fees \u2013 the packaging undertaking is only charged for the service based on the declared weight of packaging on the basis of our service fees. Information about the service fees can be found <a href=\"https:\/\/staging.pakendiringlus.ee\/en\/services\/for-the-entrepreneurs\/how-much-does-it-cost\/\">HERE<\/a>.<\/p>\n","protected":false},"excerpt":{"rendered":"<p>Joining us is easy. Let us know of your wish to join by calling (tel.: +372 633 9240) or e-mailing (info@pakendiringlus.ee) us or fill in a form HERE. After entry into the packaging contract, the packaging undertaking will be deemed to have transferred their obligations to us (from the beginning of the quarter in which &hellip; <\/p>\n<p class=\"link-more\"><a href=\"https:\/\/staging.pakendiringlus.ee\/en\/services\/for-the-entrepreneurs\/how-to-join\/\" class=\"more-link\">Continue reading<span class=\"screen-reader-text\"> &#8220;How to join?&#8221;<\/span><\/a><\/p>\n","protected":false},"author":5,"featured_media":1937,"parent":662,"menu_order":4,"comment_status":"closed","ping_status":"closed","template":"page-sidebar.php","meta":{"_acf_changed":false,"footnotes":""},"acf":[],"yoast_head":"<!-- This site is optimized with the Yoast SEO plugin v24.5 - https:\/\/yoast.com\/wordpress\/plugins\/seo\/ -->\n<title>Join the biggest packaging recycling network in Estonia.<\/title>\n<meta name=\"description\" content=\"We will take care of everything related to packageing collection and pacaging recycling in Estonia - join us today!\" \/>\n<meta name=\"robots\" content=\"index, follow, max-snippet:-1, max-image-preview:large, max-video-preview:-1\" \/>\n<link rel=\"canonical\" href=\"https:\/\/pakendiringlus.ee\/en\/services\/for-the-entrepreneurs\/how-to-join\/\" \/>\n<meta property=\"og:locale\" content=\"en_US\" \/>\n<meta property=\"og:type\" content=\"article\" \/>\n<meta property=\"og:title\" content=\"Join the biggest packaging recycling network in Estonia.\" \/>\n<meta property=\"og:description\" content=\"We will take care of everything related to packageing collection and pacaging recycling in Estonia - join us today!\" \/>\n<meta property=\"og:url\" content=\"https:\/\/pakendiringlus.ee\/en\/services\/for-the-entrepreneurs\/how-to-join\/\" \/>\n<meta property=\"og:site_name\" content=\"Eesti Pakendiringlus\" \/>\n<meta property=\"article:publisher\" content=\"https:\/\/www.facebook.com\/profile.php?id=100063504522926\" \/>\n<meta property=\"article:modified_time\" content=\"2023-02-10T11:22:04+00:00\" \/>\n<meta property=\"og:image\" content=\"https:\/\/pakendiringlus.ee\/wp-content\/uploads\/2022\/11\/kuhu-viia-jaatmed-pakendiringlus-01.jpeg\" \/>\n\t<meta property=\"og:image:width\" content=\"1200\" \/>\n\t<meta property=\"og:image:height\" content=\"630\" \/>\n\t<meta property=\"og:image:type\" content=\"image\/jpeg\" \/>\n<meta name=\"twitter:card\" content=\"summary_large_image\" \/>\n<meta name=\"twitter:label1\" content=\"Est. reading time\" \/>\n\t<meta name=\"twitter:data1\" content=\"1 minute\" \/>\n<script type=\"application\/ld+json\" class=\"yoast-schema-graph\">{\"@context\":\"https:\/\/schema.org\",\"@graph\":[{\"@type\":\"WebPage\",\"@id\":\"https:\/\/pakendiringlus.ee\/en\/services\/for-the-entrepreneurs\/how-to-join\/\",\"url\":\"https:\/\/pakendiringlus.ee\/en\/services\/for-the-entrepreneurs\/how-to-join\/\",\"name\":\"Join the biggest packaging recycling network in Estonia.\",\"isPartOf\":{\"@id\":\"https:\/\/pakendiringlus.ee\/#website\"},\"primaryImageOfPage\":{\"@id\":\"https:\/\/pakendiringlus.ee\/en\/services\/for-the-entrepreneurs\/how-to-join\/#primaryimage\"},\"image\":{\"@id\":\"https:\/\/pakendiringlus.ee\/en\/services\/for-the-entrepreneurs\/how-to-join\/#primaryimage\"},\"thumbnailUrl\":\"https:\/\/pakendiringlus.ee\/wp-content\/uploads\/2022\/11\/kuhu-viia-jaatmed-pakendiringlus-01.jpeg\",\"datePublished\":\"2020-01-30T10:48:48+00:00\",\"dateModified\":\"2023-02-10T11:22:04+00:00\",\"description\":\"We will take care of everything related to packageing collection and pacaging recycling in Estonia - join us today!\",\"breadcrumb\":{\"@id\":\"https:\/\/pakendiringlus.ee\/en\/services\/for-the-entrepreneurs\/how-to-join\/#breadcrumb\"},\"inLanguage\":\"en-US\",\"potentialAction\":[{\"@type\":\"ReadAction\",\"target\":[\"https:\/\/pakendiringlus.ee\/en\/services\/for-the-entrepreneurs\/how-to-join\/\"]}]},{\"@type\":\"ImageObject\",\"inLanguage\":\"en-US\",\"@id\":\"https:\/\/pakendiringlus.ee\/en\/services\/for-the-entrepreneurs\/how-to-join\/#primaryimage\",\"url\":\"https:\/\/pakendiringlus.ee\/wp-content\/uploads\/2022\/11\/kuhu-viia-jaatmed-pakendiringlus-01.jpeg\",\"contentUrl\":\"https:\/\/pakendiringlus.ee\/wp-content\/uploads\/2022\/11\/kuhu-viia-jaatmed-pakendiringlus-01.jpeg\",\"width\":1200,\"height\":630,\"caption\":\"kuhu viia j\u00e4\u00e4tmed pr\u00fcgi vana elektroonika patareid\"},{\"@type\":\"BreadcrumbList\",\"@id\":\"https:\/\/pakendiringlus.ee\/en\/services\/for-the-entrepreneurs\/how-to-join\/#breadcrumb\",\"itemListElement\":[{\"@type\":\"ListItem\",\"position\":1,\"name\":\"Home\",\"item\":\"https:\/\/pakendiringlus.ee\/\"},{\"@type\":\"ListItem\",\"position\":2,\"name\":\"Services\",\"item\":\"https:\/\/pakendiringlus.ee\/en\/services\/\"},{\"@type\":\"ListItem\",\"position\":3,\"name\":\"For the entrepreneurs\",\"item\":\"https:\/\/pakendiringlus.ee\/en\/services\/for-the-entrepreneurs\/\"},{\"@type\":\"ListItem\",\"position\":4,\"name\":\"How to join?\"}]},{\"@type\":\"WebSite\",\"@id\":\"https:\/\/pakendiringlus.ee\/#website\",\"url\":\"https:\/\/pakendiringlus.ee\/\",\"name\":\"Eesti Pakendiringlus\",\"description\":\"\",\"publisher\":{\"@id\":\"https:\/\/pakendiringlus.ee\/#organization\"},\"alternateName\":\"www.pakendiringlus.ee\",\"potentialAction\":[{\"@type\":\"SearchAction\",\"target\":{\"@type\":\"EntryPoint\",\"urlTemplate\":\"https:\/\/pakendiringlus.ee\/?s={search_term_string}\"},\"query-input\":{\"@type\":\"PropertyValueSpecification\",\"valueRequired\":true,\"valueName\":\"search_term_string\"}}],\"inLanguage\":\"en-US\"},{\"@type\":\"Organization\",\"@id\":\"https:\/\/pakendiringlus.ee\/#organization\",\"name\":\"Eesti Pakendiringlus\",\"url\":\"https:\/\/pakendiringlus.ee\/\",\"logo\":{\"@type\":\"ImageObject\",\"inLanguage\":\"en-US\",\"@id\":\"https:\/\/pakendiringlus.ee\/#\/schema\/logo\/image\/\",\"url\":\"https:\/\/pakendiringlus.ee\/wp-content\/uploads\/2022\/10\/eesti-pakendiringlus-logo-small.png\",\"contentUrl\":\"https:\/\/pakendiringlus.ee\/wp-content\/uploads\/2022\/10\/eesti-pakendiringlus-logo-small.png\",\"width\":238,\"height\":212,\"caption\":\"Eesti Pakendiringlus\"},\"image\":{\"@id\":\"https:\/\/pakendiringlus.ee\/#\/schema\/logo\/image\/\"},\"sameAs\":[\"https:\/\/www.facebook.com\/profile.php?id=100063504522926\"]}]}<\/script>\n<!-- \/ Yoast SEO plugin. -->","yoast_head_json":{"title":"Join the biggest packaging recycling network in Estonia.","description":"We will take care of everything related to packageing collection and pacaging recycling in Estonia - join us today!","robots":{"index":"index","follow":"follow","max-snippet":"max-snippet:-1","max-image-preview":"max-image-preview:large","max-video-preview":"max-video-preview:-1"},"canonical":"https:\/\/pakendiringlus.ee\/en\/services\/for-the-entrepreneurs\/how-to-join\/","og_locale":"en_US","og_type":"article","og_title":"Join the biggest packaging recycling network in Estonia.","og_description":"We will take care of everything related to packageing collection and pacaging recycling in Estonia - join us today!","og_url":"https:\/\/pakendiringlus.ee\/en\/services\/for-the-entrepreneurs\/how-to-join\/","og_site_name":"Eesti Pakendiringlus","article_publisher":"https:\/\/www.facebook.com\/profile.php?id=100063504522926","article_modified_time":"2023-02-10T11:22:04+00:00","og_image":[{"width":1200,"height":630,"url":"https:\/\/pakendiringlus.ee\/wp-content\/uploads\/2022\/11\/kuhu-viia-jaatmed-pakendiringlus-01.jpeg","type":"image\/jpeg"}],"twitter_card":"summary_large_image","twitter_misc":{"Est. reading time":"1 minute"},"schema":{"@context":"https:\/\/schema.org","@graph":[{"@type":"WebPage","@id":"https:\/\/pakendiringlus.ee\/en\/services\/for-the-entrepreneurs\/how-to-join\/","url":"https:\/\/pakendiringlus.ee\/en\/services\/for-the-entrepreneurs\/how-to-join\/","name":"Join the biggest packaging recycling network in Estonia.","isPartOf":{"@id":"https:\/\/pakendiringlus.ee\/#website"},"primaryImageOfPage":{"@id":"https:\/\/pakendiringlus.ee\/en\/services\/for-the-entrepreneurs\/how-to-join\/#primaryimage"},"image":{"@id":"https:\/\/pakendiringlus.ee\/en\/services\/for-the-entrepreneurs\/how-to-join\/#primaryimage"},"thumbnailUrl":"https:\/\/pakendiringlus.ee\/wp-content\/uploads\/2022\/11\/kuhu-viia-jaatmed-pakendiringlus-01.jpeg","datePublished":"2020-01-30T10:48:48+00:00","dateModified":"2023-02-10T11:22:04+00:00","description":"We will take care of everything related to packageing collection and pacaging recycling in Estonia - join us today!","breadcrumb":{"@id":"https:\/\/pakendiringlus.ee\/en\/services\/for-the-entrepreneurs\/how-to-join\/#breadcrumb"},"inLanguage":"en-US","potentialAction":[{"@type":"ReadAction","target":["https:\/\/pakendiringlus.ee\/en\/services\/for-the-entrepreneurs\/how-to-join\/"]}]},{"@type":"ImageObject","inLanguage":"en-US","@id":"https:\/\/pakendiringlus.ee\/en\/services\/for-the-entrepreneurs\/how-to-join\/#primaryimage","url":"https:\/\/pakendiringlus.ee\/wp-content\/uploads\/2022\/11\/kuhu-viia-jaatmed-pakendiringlus-01.jpeg","contentUrl":"https:\/\/pakendiringlus.ee\/wp-content\/uploads\/2022\/11\/kuhu-viia-jaatmed-pakendiringlus-01.jpeg","width":1200,"height":630,"caption":"kuhu viia j\u00e4\u00e4tmed pr\u00fcgi vana elektroonika patareid"},{"@type":"BreadcrumbList","@id":"https:\/\/pakendiringlus.ee\/en\/services\/for-the-entrepreneurs\/how-to-join\/#breadcrumb","itemListElement":[{"@type":"ListItem","position":1,"name":"Home","item":"https:\/\/pakendiringlus.ee\/"},{"@type":"ListItem","position":2,"name":"Services","item":"https:\/\/pakendiringlus.ee\/en\/services\/"},{"@type":"ListItem","position":3,"name":"For the entrepreneurs","item":"https:\/\/pakendiringlus.ee\/en\/services\/for-the-entrepreneurs\/"},{"@type":"ListItem","position":4,"name":"How to join?"}]},{"@type":"WebSite","@id":"https:\/\/pakendiringlus.ee\/#website","url":"https:\/\/pakendiringlus.ee\/","name":"Eesti Pakendiringlus","description":"","publisher":{"@id":"https:\/\/pakendiringlus.ee\/#organization"},"alternateName":"www.pakendiringlus.ee","potentialAction":[{"@type":"SearchAction","target":{"@type":"EntryPoint","urlTemplate":"https:\/\/pakendiringlus.ee\/?s={search_term_string}"},"query-input":{"@type":"PropertyValueSpecification","valueRequired":true,"valueName":"search_term_string"}}],"inLanguage":"en-US"},{"@type":"Organization","@id":"https:\/\/pakendiringlus.ee\/#organization","name":"Eesti Pakendiringlus","url":"https:\/\/pakendiringlus.ee\/","logo":{"@type":"ImageObject","inLanguage":"en-US","@id":"https:\/\/pakendiringlus.ee\/#\/schema\/logo\/image\/","url":"https:\/\/pakendiringlus.ee\/wp-content\/uploads\/2022\/10\/eesti-pakendiringlus-logo-small.png","contentUrl":"https:\/\/pakendiringlus.ee\/wp-content\/uploads\/2022\/10\/eesti-pakendiringlus-logo-small.png","width":238,"height":212,"caption":"Eesti Pakendiringlus"},"image":{"@id":"https:\/\/pakendiringlus.ee\/#\/schema\/logo\/image\/"},"sameAs":["https:\/\/www.facebook.com\/profile.php?id=100063504522926"]}]}},"_links":{"self":[{"href":"https:\/\/staging.pakendiringlus.ee\/en\/wp-json\/wp\/v2\/pages\/683"}],"collection":[{"href":"https:\/\/staging.pakendiringlus.ee\/en\/wp-json\/wp\/v2\/pages"}],"about":[{"href":"https:\/\/staging.pakendiringlus.ee\/en\/wp-json\/wp\/v2\/types\/page"}],"author":[{"embeddable":true,"href":"https:\/\/staging.pakendiringlus.ee\/en\/wp-json\/wp\/v2\/users\/5"}],"replies":[{"embeddable":true,"href":"https:\/\/staging.pakendiringlus.ee\/en\/wp-json\/wp\/v2\/comments?post=683"}],"version-history":[{"count":3,"href":"https:\/\/staging.pakendiringlus.ee\/en\/wp-json\/wp\/v2\/pages\/683\/revisions"}],"predecessor-version":[{"id":2352,"href":"https:\/\/staging.pakendiringlus.ee\/en\/wp-json\/wp\/v2\/pages\/683\/revisions\/2352"}],"up":[{"embeddable":true,"href":"https:\/\/staging.pakendiringlus.ee\/en\/wp-json\/wp\/v2\/pages\/662"}],"wp:featuredmedia":[{"embeddable":true,"href":"https:\/\/staging.pakendiringlus.ee\/en\/wp-json\/wp\/v2\/media\/1937"}],"wp:attachment":[{"href":"https:\/\/staging.pakendiringlus.ee\/en\/wp-json\/wp\/v2\/media?parent=683"}],"curies":[{"name":"wp","href":"https:\/\/api.w.org\/{rel}","templated":true}]}}