{"id":685,"date":"2020-01-30T12:49:15","date_gmt":"2020-01-30T10:49:15","guid":{"rendered":"https:\/\/pakendiringlus.ee\/?page_id=685"},"modified":"2022-11-03T11:15:29","modified_gmt":"2022-11-03T09:15:29","slug":"%d0%ba%d0%b0%d0%ba-%d0%bf%d1%80%d0%b8%d1%81%d0%be%d0%b5%d0%b4%d0%b8%d0%bd%d0%b8%d1%82%d1%8c%d1%81%d1%8f","status":"publish","type":"page","link":"https:\/\/staging.pakendiringlus.ee\/ru\/%d1%83%d1%81%d0%bb%d1%83%d0%b3%d0%b8\/%d0%b4%d0%bb%d1%8f-%d0%bf%d1%80%d0%b5%d0%b4%d0%bf%d1%80%d0%b8%d0%bd%d0%b8%d0%bc%d0%b0%d1%82%d0%b5%d0%bb%d0%b5%d0%b9\/%d0%ba%d0%b0%d0%ba-%d0%bf%d1%80%d0%b8%d1%81%d0%be%d0%b5%d0%b4%d0%b8%d0%bd%d0%b8%d1%82%d1%8c%d1%81%d1%8f\/","title":{"rendered":"\u041a\u0430\u043a \u043f\u0440\u0438\u0441\u043e\u0435\u0434\u0438\u043d\u0438\u0442\u044c\u0441\u044f?"},"content":{"rendered":"<p>\u041f\u0440\u0438\u0441\u043e\u0435\u0434\u0438\u043d\u0438\u0442\u044c\u0441\u044f \u043a \u043d\u0430\u043c \u043e\u0447\u0435\u043d\u044c \u043f\u0440\u043e\u0441\u0442\u043e. \u0421\u043e\u043e\u0431\u0449\u0438\u0442\u0435 \u043d\u0430\u043c \u043e \u0441\u0432\u043e\u0435\u043c \u043d\u0430\u043c\u0435\u0440\u0435\u043d\u0438\u0438 \u043f\u043e \u0442\u0435\u043b\u0435\u0444\u043e\u043d\u0443 (\u0442\u0435\u043b. 633 9240), \u043f\u043e \u044d\u043b. \u043f\u043e\u0447\u0442\u0435 (info@pakendiringlus.ee) \u0438\u043b\u0438 \u0437\u0430\u043f\u043e\u043b\u043d\u0438\u0442\u0435 \u0430\u043d\u043a\u0435\u0442\u0443 \u0417\u0414\u0415\u0421\u042c.<\/p>\n<p>\u041f\u043e\u0441\u043b\u0435 \u0437\u0430\u043a\u043b\u044e\u0447\u0435\u043d\u0438\u044f \u0434\u043e\u0433\u043e\u0432\u043e\u0440\u0430 \u043f\u0440\u0435\u0434\u043f\u0440\u0438\u043d\u0438\u043c\u0430\u0442\u0435\u043b\u044c-\u0443\u043f\u0430\u043a\u043e\u0432\u0449\u0438\u043a \u043f\u0435\u0440\u0435\u043a\u043b\u0430\u0434\u044b\u0432\u0430\u0435\u0442 \u043d\u0430 \u043d\u0430\u0441 \u0441\u0432\u043e\u0438 \u043e\u0431\u044f\u0437\u0430\u0442\u0435\u043b\u044c\u0441\u0442\u0432\u0430 (\u043d\u0430 \u043c\u043e\u043c\u0435\u043d\u0442 \u0437\u0430\u043a\u043b\u044e\u0447\u0435\u043d\u0438\u044f \u0434\u043e\u0433\u043e\u0432\u043e\u0440\u0430 \u0441 \u043d\u0430\u0447\u0430\u043b\u0430 \u0442\u0435\u043a\u0443\u0449\u0435\u0433\u043e \u043a\u0432\u0430\u0440\u0442\u0430\u043b\u0430) \u0438 \u0443\u0436\u0435 \u043c\u044b \u0441\u043e\u0431\u0438\u0440\u0430\u0435\u043c \u043f\u0440\u0435\u0434\u043f\u0440\u0438\u043d\u0438\u043c\u0430\u0442\u0435\u043b\u0435\u043c-\u0443\u043f\u0430\u043a\u043e\u0432\u0449\u0438\u043a\u043e\u043c \u0432\u044b\u043f\u0443\u0449\u0435\u043d\u043d\u0443\u044e \u043d\u0430 \u0440\u044b\u043d\u043e\u043a \u042d\u0441\u0442\u043e\u043d\u0438\u0438 \u0443\u043f\u0430\u043a\u043e\u0432\u043a\u0443 \u0438 \u043d\u0430\u043f\u0440\u0430\u0432\u043b\u044f\u0435\u043c \u0435\u0435 \u0432 \u043f\u043e\u0432\u0442\u043e\u0440\u043d\u043e\u0435 \u0438\u0441\u043f\u043e\u043b\u044c\u0437\u043e\u0432\u0430\u043d\u0438\u0435, \u0442\u043e \u0435\u0441\u0442\u044c \u0432\u044b\u043f\u043e\u043b\u043d\u044f\u0435\u043c \u043f\u0440\u0435\u0434\u0443\u0441\u043c\u043e\u0442\u0440\u0435\u043d\u043d\u0443\u044e \u0417\u0430\u043a\u043e\u043d\u043e\u043c \u043e\u0431 \u0443\u043f\u0430\u043a\u043e\u0432\u043a\u0435 \u043e\u0431\u044f\u0437\u0430\u043d\u043d\u043e\u0441\u0442\u044c.<\/p>\n<p>\u0423 \u043d\u0430\u0441 \u043d\u0435\u0442 \u043f\u043b\u0430\u0442 \u0437\u0430 \u043f\u0440\u0438\u0441\u043e\u0435\u0434\u0438\u043d\u0435\u043d\u0438\u0435 \u0438\u043b\u0438 \u0433\u043e\u0434\u043e\u0432\u044b\u0445 \u043f\u043b\u0430\u0442, \u0443\u0441\u043b\u0443\u0433\u0443 \u043e\u043f\u043b\u0430\u0447\u0438\u0432\u0430\u0435\u0442 \u043f\u0440\u0435\u0434\u043f\u0440\u0438\u044f\u0442\u0438\u0435-\u0443\u043f\u0430\u043a\u043e\u0432\u0449\u0438\u043a \u0442\u043e\u043b\u044c\u043a\u043e \u0432 \u0441\u043e\u043e\u0442\u0432\u0435\u0442\u0441\u0442\u0432\u0438\u0438 \u0441 \u0437\u0430\u0434\u0435\u043a\u043b\u0430\u0440\u0438\u0440\u043e\u0432\u0430\u043d\u043d\u043e\u0439 \u0443\u043f\u0430\u043a\u043e\u0432\u043e\u0447\u043d\u043e\u0439 \u043c\u0430\u0441\u0441\u043e\u0439 \u043d\u0430 \u043e\u0441\u043d\u043e\u0432\u0430\u043d\u0438\u0438 \u043f\u043b\u0430\u0442 \u0437\u0430 \u0443\u0441\u043b\u0443\u0433\u0438. \u0421 \u0438\u043d\u0444\u043e\u0440\u043c\u0430\u0446\u0438\u0435\u0439 \u043e \u043f\u043b\u0430\u0442\u0430\u0445 \u0437\u0430 \u0443\u0441\u043b\u0443\u0433\u0438 \u043c\u043e\u0436\u043d\u043e \u043e\u0437\u043d\u0430\u043a\u043e\u043c\u0438\u0442\u044c\u0441\u044f \u0417\u0414\u0415\u0421\u042c.<\/p>\n","protected":false},"excerpt":{"rendered":"<p>\u041f\u0440\u0438\u0441\u043e\u0435\u0434\u0438\u043d\u0438\u0442\u044c\u0441\u044f \u043a \u043d\u0430\u043c \u043e\u0447\u0435\u043d\u044c \u043f\u0440\u043e\u0441\u0442\u043e. \u0421\u043e\u043e\u0431\u0449\u0438\u0442\u0435 \u043d\u0430\u043c \u043e \u0441\u0432\u043e\u0435\u043c \u043d\u0430\u043c\u0435\u0440\u0435\u043d\u0438\u0438 \u043f\u043e \u0442\u0435\u043b\u0435\u0444\u043e\u043d\u0443 (\u0442\u0435\u043b. 633 9240), \u043f\u043e \u044d\u043b. \u043f\u043e\u0447\u0442\u0435 (info@pakendiringlus.ee) \u0438\u043b\u0438 \u0437\u0430\u043f\u043e\u043b\u043d\u0438\u0442\u0435 \u0430\u043d\u043a\u0435\u0442\u0443 \u0417\u0414\u0415\u0421\u042c. \u041f\u043e\u0441\u043b\u0435 \u0437\u0430\u043a\u043b\u044e\u0447\u0435\u043d\u0438\u044f \u0434\u043e\u0433\u043e\u0432\u043e\u0440\u0430 \u043f\u0440\u0435\u0434\u043f\u0440\u0438\u043d\u0438\u043c\u0430\u0442\u0435\u043b\u044c-\u0443\u043f\u0430\u043a\u043e\u0432\u0449\u0438\u043a \u043f\u0435\u0440\u0435\u043a\u043b\u0430\u0434\u044b\u0432\u0430\u0435\u0442 \u043d\u0430 \u043d\u0430\u0441 \u0441\u0432\u043e\u0438 \u043e\u0431\u044f\u0437\u0430\u0442\u0435\u043b\u044c\u0441\u0442\u0432\u0430 (\u043d\u0430 \u043c\u043e\u043c\u0435\u043d\u0442 \u0437\u0430\u043a\u043b\u044e\u0447\u0435\u043d\u0438\u044f \u0434\u043e\u0433\u043e\u0432\u043e\u0440\u0430 \u0441 \u043d\u0430\u0447\u0430\u043b\u0430 \u0442\u0435\u043a\u0443\u0449\u0435\u0433\u043e \u043a\u0432\u0430\u0440\u0442\u0430\u043b\u0430) \u0438 \u0443\u0436\u0435 \u043c\u044b \u0441\u043e\u0431\u0438\u0440\u0430\u0435\u043c \u043f\u0440\u0435\u0434\u043f\u0440\u0438\u043d\u0438\u043c\u0430\u0442\u0435\u043b\u0435\u043c-\u0443\u043f\u0430\u043a\u043e\u0432\u0449\u0438\u043a\u043e\u043c \u0432\u044b\u043f\u0443\u0449\u0435\u043d\u043d\u0443\u044e \u043d\u0430 \u0440\u044b\u043d\u043e\u043a \u042d\u0441\u0442\u043e\u043d\u0438\u0438 \u0443\u043f\u0430\u043a\u043e\u0432\u043a\u0443 \u0438 \u043d\u0430\u043f\u0440\u0430\u0432\u043b\u044f\u0435\u043c \u0435\u0435 \u0432 \u043f\u043e\u0432\u0442\u043e\u0440\u043d\u043e\u0435 &hellip; <\/p>\n<p class=\"link-more\"><a href=\"https:\/\/staging.pakendiringlus.ee\/ru\/%d1%83%d1%81%d0%bb%d1%83%d0%b3%d0%b8\/%d0%b4%d0%bb%d1%8f-%d0%bf%d1%80%d0%b5%d0%b4%d0%bf%d1%80%d0%b8%d0%bd%d0%b8%d0%bc%d0%b0%d1%82%d0%b5%d0%bb%d0%b5%d0%b9\/%d0%ba%d0%b0%d0%ba-%d0%bf%d1%80%d0%b8%d1%81%d0%be%d0%b5%d0%b4%d0%b8%d0%bd%d0%b8%d1%82%d1%8c%d1%81%d1%8f\/\" class=\"more-link\">Continue reading<span class=\"screen-reader-text\"> &#171;\u041a\u0430\u043a \u043f\u0440\u0438\u0441\u043e\u0435\u0434\u0438\u043d\u0438\u0442\u044c\u0441\u044f?&#187;<\/span><\/a><\/p>\n","protected":false},"author":5,"featured_media":1938,"parent":664,"menu_order":4,"comment_status":"closed","ping_status":"closed","template":"page-sidebar.php","meta":{"_acf_changed":false,"footnotes":""},"acf":[],"yoast_head":"<!-- This site is optimized with the Yoast SEO plugin v24.5 - https:\/\/yoast.com\/wordpress\/plugins\/seo\/ -->\n<title>\u041a\u0430\u043a \u0441\u0442\u0430\u0442\u044c \u0447\u043b\u0435\u043d\u043e\u043c \u042d\u0441\u0442\u043e\u043d\u0441\u043a\u043e\u0439 \u0430\u0441\u0441\u043e\u0446\u0438\u0430\u0446\u0438\u0438 \u0443\u043f\u0430\u043a\u043e\u0432\u043a\u0438?<\/title>\n<meta name=\"description\" content=\"\u041f\u0440\u0438\u0441\u043e\u0435\u0434\u0438\u043d\u0438\u0442\u044c\u0441\u044f \u043a \u043d\u0430\u043c \u043e\u0447\u0435\u043d\u044c \u043f\u0440\u043e\u0441\u0442\u043e. \u0421\u043e\u043e\u0431\u0449\u0438\u0442\u0435 \u043d\u0430\u043c \u043e \u0441\u0432\u043e\u0435\u043c \u043d\u0430\u043c\u0435\u0440\u0435\u043d\u0438\u0438 \u043f\u043e \u0442\u0435\u043b\u0435\u0444\u043e\u043d\u0443 633 9240, \u043f\u043e \u044d\u043b. \u043f\u043e\u0447\u0442\u0435 - info@pakendiringlus.ee\" \/>\n<meta name=\"robots\" content=\"index, follow, max-snippet:-1, max-image-preview:large, max-video-preview:-1\" \/>\n<link rel=\"canonical\" href=\"https:\/\/pakendiringlus.ee\/ru\/\u0443\u0441\u043b\u0443\u0433\u0438\/\u0434\u043b\u044f-\u043f\u0440\u0435\u0434\u043f\u0440\u0438\u043d\u0438\u043c\u0430\u0442\u0435\u043b\u0435\u0439\/\u043a\u0430\u043a-\u043f\u0440\u0438\u0441\u043e\u0435\u0434\u0438\u043d\u0438\u0442\u044c\u0441\u044f\/\" \/>\n<meta property=\"og:locale\" content=\"ru_RU\" \/>\n<meta property=\"og:type\" content=\"article\" \/>\n<meta property=\"og:title\" content=\"\u041a\u0430\u043a \u0441\u0442\u0430\u0442\u044c \u0447\u043b\u0435\u043d\u043e\u043c \u042d\u0441\u0442\u043e\u043d\u0441\u043a\u043e\u0439 \u0430\u0441\u0441\u043e\u0446\u0438\u0430\u0446\u0438\u0438 \u0443\u043f\u0430\u043a\u043e\u0432\u043a\u0438?\" \/>\n<meta property=\"og:description\" content=\"\u041f\u0440\u0438\u0441\u043e\u0435\u0434\u0438\u043d\u0438\u0442\u044c\u0441\u044f \u043a \u043d\u0430\u043c \u043e\u0447\u0435\u043d\u044c \u043f\u0440\u043e\u0441\u0442\u043e. \u0421\u043e\u043e\u0431\u0449\u0438\u0442\u0435 \u043d\u0430\u043c \u043e \u0441\u0432\u043e\u0435\u043c \u043d\u0430\u043c\u0435\u0440\u0435\u043d\u0438\u0438 \u043f\u043e \u0442\u0435\u043b\u0435\u0444\u043e\u043d\u0443 633 9240, \u043f\u043e \u044d\u043b. \u043f\u043e\u0447\u0442\u0435 - info@pakendiringlus.ee\" \/>\n<meta property=\"og:url\" content=\"https:\/\/pakendiringlus.ee\/ru\/\u0443\u0441\u043b\u0443\u0433\u0438\/\u0434\u043b\u044f-\u043f\u0440\u0435\u0434\u043f\u0440\u0438\u043d\u0438\u043c\u0430\u0442\u0435\u043b\u0435\u0439\/\u043a\u0430\u043a-\u043f\u0440\u0438\u0441\u043e\u0435\u0434\u0438\u043d\u0438\u0442\u044c\u0441\u044f\/\" \/>\n<meta property=\"og:site_name\" content=\"Eesti Pakendiringlus\" \/>\n<meta property=\"article:publisher\" content=\"https:\/\/www.facebook.com\/profile.php?id=100063504522926\" \/>\n<meta property=\"article:modified_time\" content=\"2022-11-03T09:15:29+00:00\" \/>\n<meta property=\"og:image\" content=\"https:\/\/pakendiringlus.ee\/wp-content\/uploads\/2022\/11\/kuhu-viia-jaatmed-pakendiringlus-01.jpeg\" \/>\n\t<meta property=\"og:image:width\" content=\"1200\" \/>\n\t<meta property=\"og:image:height\" content=\"630\" \/>\n\t<meta property=\"og:image:type\" content=\"image\/jpeg\" \/>\n<meta name=\"twitter:card\" content=\"summary_large_image\" \/>\n<meta name=\"twitter:label1\" content=\"\u041f\u0440\u0438\u043c\u0435\u0440\u043d\u043e\u0435 \u0432\u0440\u0435\u043c\u044f \u0434\u043b\u044f \u0447\u0442\u0435\u043d\u0438\u044f\" \/>\n\t<meta name=\"twitter:data1\" content=\"1 \u043c\u0438\u043d\u0443\u0442\u0430\" \/>\n<script type=\"application\/ld+json\" class=\"yoast-schema-graph\">{\"@context\":\"https:\/\/schema.org\",\"@graph\":[{\"@type\":\"WebPage\",\"@id\":\"https:\/\/pakendiringlus.ee\/ru\/%d1%83%d1%81%d0%bb%d1%83%d0%b3%d0%b8\/%d0%b4%d0%bb%d1%8f-%d0%bf%d1%80%d0%b5%d0%b4%d0%bf%d1%80%d0%b8%d0%bd%d0%b8%d0%bc%d0%b0%d1%82%d0%b5%d0%bb%d0%b5%d0%b9\/%d0%ba%d0%b0%d0%ba-%d0%bf%d1%80%d0%b8%d1%81%d0%be%d0%b5%d0%b4%d0%b8%d0%bd%d0%b8%d1%82%d1%8c%d1%81%d1%8f\/\",\"url\":\"https:\/\/pakendiringlus.ee\/ru\/%d1%83%d1%81%d0%bb%d1%83%d0%b3%d0%b8\/%d0%b4%d0%bb%d1%8f-%d0%bf%d1%80%d0%b5%d0%b4%d0%bf%d1%80%d0%b8%d0%bd%d0%b8%d0%bc%d0%b0%d1%82%d0%b5%d0%bb%d0%b5%d0%b9\/%d0%ba%d0%b0%d0%ba-%d0%bf%d1%80%d0%b8%d1%81%d0%be%d0%b5%d0%b4%d0%b8%d0%bd%d0%b8%d1%82%d1%8c%d1%81%d1%8f\/\",\"name\":\"\u041a\u0430\u043a \u0441\u0442\u0430\u0442\u044c \u0447\u043b\u0435\u043d\u043e\u043c \u042d\u0441\u0442\u043e\u043d\u0441\u043a\u043e\u0439 \u0430\u0441\u0441\u043e\u0446\u0438\u0430\u0446\u0438\u0438 \u0443\u043f\u0430\u043a\u043e\u0432\u043a\u0438?\",\"isPartOf\":{\"@id\":\"https:\/\/pakendiringlus.ee\/#website\"},\"primaryImageOfPage\":{\"@id\":\"https:\/\/pakendiringlus.ee\/ru\/%d1%83%d1%81%d0%bb%d1%83%d0%b3%d0%b8\/%d0%b4%d0%bb%d1%8f-%d0%bf%d1%80%d0%b5%d0%b4%d0%bf%d1%80%d0%b8%d0%bd%d0%b8%d0%bc%d0%b0%d1%82%d0%b5%d0%bb%d0%b5%d0%b9\/%d0%ba%d0%b0%d0%ba-%d0%bf%d1%80%d0%b8%d1%81%d0%be%d0%b5%d0%b4%d0%b8%d0%bd%d0%b8%d1%82%d1%8c%d1%81%d1%8f\/#primaryimage\"},\"image\":{\"@id\":\"https:\/\/pakendiringlus.ee\/ru\/%d1%83%d1%81%d0%bb%d1%83%d0%b3%d0%b8\/%d0%b4%d0%bb%d1%8f-%d0%bf%d1%80%d0%b5%d0%b4%d0%bf%d1%80%d0%b8%d0%bd%d0%b8%d0%bc%d0%b0%d1%82%d0%b5%d0%bb%d0%b5%d0%b9\/%d0%ba%d0%b0%d0%ba-%d0%bf%d1%80%d0%b8%d1%81%d0%be%d0%b5%d0%b4%d0%b8%d0%bd%d0%b8%d1%82%d1%8c%d1%81%d1%8f\/#primaryimage\"},\"thumbnailUrl\":\"https:\/\/pakendiringlus.ee\/wp-content\/uploads\/2022\/11\/kuhu-viia-jaatmed-pakendiringlus-01.jpeg\",\"datePublished\":\"2020-01-30T10:49:15+00:00\",\"dateModified\":\"2022-11-03T09:15:29+00:00\",\"description\":\"\u041f\u0440\u0438\u0441\u043e\u0435\u0434\u0438\u043d\u0438\u0442\u044c\u0441\u044f \u043a \u043d\u0430\u043c \u043e\u0447\u0435\u043d\u044c \u043f\u0440\u043e\u0441\u0442\u043e. \u0421\u043e\u043e\u0431\u0449\u0438\u0442\u0435 \u043d\u0430\u043c \u043e \u0441\u0432\u043e\u0435\u043c \u043d\u0430\u043c\u0435\u0440\u0435\u043d\u0438\u0438 \u043f\u043e \u0442\u0435\u043b\u0435\u0444\u043e\u043d\u0443 633 9240, \u043f\u043e \u044d\u043b. \u043f\u043e\u0447\u0442\u0435 - info@pakendiringlus.ee\",\"breadcrumb\":{\"@id\":\"https:\/\/pakendiringlus.ee\/ru\/%d1%83%d1%81%d0%bb%d1%83%d0%b3%d0%b8\/%d0%b4%d0%bb%d1%8f-%d0%bf%d1%80%d0%b5%d0%b4%d0%bf%d1%80%d0%b8%d0%bd%d0%b8%d0%bc%d0%b0%d1%82%d0%b5%d0%bb%d0%b5%d0%b9\/%d0%ba%d0%b0%d0%ba-%d0%bf%d1%80%d0%b8%d1%81%d0%be%d0%b5%d0%b4%d0%b8%d0%bd%d0%b8%d1%82%d1%8c%d1%81%d1%8f\/#breadcrumb\"},\"inLanguage\":\"ru-RU\",\"potentialAction\":[{\"@type\":\"ReadAction\",\"target\":[\"https:\/\/pakendiringlus.ee\/ru\/%d1%83%d1%81%d0%bb%d1%83%d0%b3%d0%b8\/%d0%b4%d0%bb%d1%8f-%d0%bf%d1%80%d0%b5%d0%b4%d0%bf%d1%80%d0%b8%d0%bd%d0%b8%d0%bc%d0%b0%d1%82%d0%b5%d0%bb%d0%b5%d0%b9\/%d0%ba%d0%b0%d0%ba-%d0%bf%d1%80%d0%b8%d1%81%d0%be%d0%b5%d0%b4%d0%b8%d0%bd%d0%b8%d1%82%d1%8c%d1%81%d1%8f\/\"]}]},{\"@type\":\"ImageObject\",\"inLanguage\":\"ru-RU\",\"@id\":\"https:\/\/pakendiringlus.ee\/ru\/%d1%83%d1%81%d0%bb%d1%83%d0%b3%d0%b8\/%d0%b4%d0%bb%d1%8f-%d0%bf%d1%80%d0%b5%d0%b4%d0%bf%d1%80%d0%b8%d0%bd%d0%b8%d0%bc%d0%b0%d1%82%d0%b5%d0%bb%d0%b5%d0%b9\/%d0%ba%d0%b0%d0%ba-%d0%bf%d1%80%d0%b8%d1%81%d0%be%d0%b5%d0%b4%d0%b8%d0%bd%d0%b8%d1%82%d1%8c%d1%81%d1%8f\/#primaryimage\",\"url\":\"https:\/\/pakendiringlus.ee\/wp-content\/uploads\/2022\/11\/kuhu-viia-jaatmed-pakendiringlus-01.jpeg\",\"contentUrl\":\"https:\/\/pakendiringlus.ee\/wp-content\/uploads\/2022\/11\/kuhu-viia-jaatmed-pakendiringlus-01.jpeg\",\"width\":1200,\"height\":630,\"caption\":\"kuhu viia j\u00e4\u00e4tmed pr\u00fcgi vana elektroonika patareid\"},{\"@type\":\"BreadcrumbList\",\"@id\":\"https:\/\/pakendiringlus.ee\/ru\/%d1%83%d1%81%d0%bb%d1%83%d0%b3%d0%b8\/%d0%b4%d0%bb%d1%8f-%d0%bf%d1%80%d0%b5%d0%b4%d0%bf%d1%80%d0%b8%d0%bd%d0%b8%d0%bc%d0%b0%d1%82%d0%b5%d0%bb%d0%b5%d0%b9\/%d0%ba%d0%b0%d0%ba-%d0%bf%d1%80%d0%b8%d1%81%d0%be%d0%b5%d0%b4%d0%b8%d0%bd%d0%b8%d1%82%d1%8c%d1%81%d1%8f\/#breadcrumb\",\"itemListElement\":[{\"@type\":\"ListItem\",\"position\":1,\"name\":\"Home\",\"item\":\"https:\/\/pakendiringlus.ee\/\"},{\"@type\":\"ListItem\",\"position\":2,\"name\":\"\u0423\u0441\u043b\u0443\u0433\u0438\",\"item\":\"https:\/\/pakendiringlus.ee\/ru\/%d1%83%d1%81%d0%bb%d1%83%d0%b3%d0%b8\/\"},{\"@type\":\"ListItem\",\"position\":3,\"name\":\"\u0414\u043b\u044f \u043f\u0440\u0435\u0434\u043f\u0440\u0438\u043d\u0438\u043c\u0430\u0442\u0435\u043b\u0435\u0439\",\"item\":\"https:\/\/pakendiringlus.ee\/ru\/%d1%83%d1%81%d0%bb%d1%83%d0%b3%d0%b8\/%d0%b4%d0%bb%d1%8f-%d0%bf%d1%80%d0%b5%d0%b4%d0%bf%d1%80%d0%b8%d0%bd%d0%b8%d0%bc%d0%b0%d1%82%d0%b5%d0%bb%d0%b5%d0%b9\/\"},{\"@type\":\"ListItem\",\"position\":4,\"name\":\"\u041a\u0430\u043a \u043f\u0440\u0438\u0441\u043e\u0435\u0434\u0438\u043d\u0438\u0442\u044c\u0441\u044f?\"}]},{\"@type\":\"WebSite\",\"@id\":\"https:\/\/pakendiringlus.ee\/#website\",\"url\":\"https:\/\/pakendiringlus.ee\/\",\"name\":\"Eesti Pakendiringlus\",\"description\":\"\",\"publisher\":{\"@id\":\"https:\/\/pakendiringlus.ee\/#organization\"},\"alternateName\":\"www.pakendiringlus.ee\",\"potentialAction\":[{\"@type\":\"SearchAction\",\"target\":{\"@type\":\"EntryPoint\",\"urlTemplate\":\"https:\/\/pakendiringlus.ee\/?s={search_term_string}\"},\"query-input\":{\"@type\":\"PropertyValueSpecification\",\"valueRequired\":true,\"valueName\":\"search_term_string\"}}],\"inLanguage\":\"ru-RU\"},{\"@type\":\"Organization\",\"@id\":\"https:\/\/pakendiringlus.ee\/#organization\",\"name\":\"Eesti Pakendiringlus\",\"url\":\"https:\/\/pakendiringlus.ee\/\",\"logo\":{\"@type\":\"ImageObject\",\"inLanguage\":\"ru-RU\",\"@id\":\"https:\/\/pakendiringlus.ee\/#\/schema\/logo\/image\/\",\"url\":\"https:\/\/pakendiringlus.ee\/wp-content\/uploads\/2022\/10\/eesti-pakendiringlus-logo-small.png\",\"contentUrl\":\"https:\/\/pakendiringlus.ee\/wp-content\/uploads\/2022\/10\/eesti-pakendiringlus-logo-small.png\",\"width\":238,\"height\":212,\"caption\":\"Eesti Pakendiringlus\"},\"image\":{\"@id\":\"https:\/\/pakendiringlus.ee\/#\/schema\/logo\/image\/\"},\"sameAs\":[\"https:\/\/www.facebook.com\/profile.php?id=100063504522926\"]}]}<\/script>\n<!-- \/ Yoast SEO plugin. -->","yoast_head_json":{"title":"\u041a\u0430\u043a \u0441\u0442\u0430\u0442\u044c \u0447\u043b\u0435\u043d\u043e\u043c \u042d\u0441\u0442\u043e\u043d\u0441\u043a\u043e\u0439 \u0430\u0441\u0441\u043e\u0446\u0438\u0430\u0446\u0438\u0438 \u0443\u043f\u0430\u043a\u043e\u0432\u043a\u0438?","description":"\u041f\u0440\u0438\u0441\u043e\u0435\u0434\u0438\u043d\u0438\u0442\u044c\u0441\u044f \u043a \u043d\u0430\u043c \u043e\u0447\u0435\u043d\u044c \u043f\u0440\u043e\u0441\u0442\u043e. \u0421\u043e\u043e\u0431\u0449\u0438\u0442\u0435 \u043d\u0430\u043c \u043e \u0441\u0432\u043e\u0435\u043c \u043d\u0430\u043c\u0435\u0440\u0435\u043d\u0438\u0438 \u043f\u043e \u0442\u0435\u043b\u0435\u0444\u043e\u043d\u0443 633 9240, \u043f\u043e \u044d\u043b. \u043f\u043e\u0447\u0442\u0435 - info@pakendiringlus.ee","robots":{"index":"index","follow":"follow","max-snippet":"max-snippet:-1","max-image-preview":"max-image-preview:large","max-video-preview":"max-video-preview:-1"},"canonical":"https:\/\/pakendiringlus.ee\/ru\/\u0443\u0441\u043b\u0443\u0433\u0438\/\u0434\u043b\u044f-\u043f\u0440\u0435\u0434\u043f\u0440\u0438\u043d\u0438\u043c\u0430\u0442\u0435\u043b\u0435\u0439\/\u043a\u0430\u043a-\u043f\u0440\u0438\u0441\u043e\u0435\u0434\u0438\u043d\u0438\u0442\u044c\u0441\u044f\/","og_locale":"ru_RU","og_type":"article","og_title":"\u041a\u0430\u043a \u0441\u0442\u0430\u0442\u044c \u0447\u043b\u0435\u043d\u043e\u043c \u042d\u0441\u0442\u043e\u043d\u0441\u043a\u043e\u0439 \u0430\u0441\u0441\u043e\u0446\u0438\u0430\u0446\u0438\u0438 \u0443\u043f\u0430\u043a\u043e\u0432\u043a\u0438?","og_description":"\u041f\u0440\u0438\u0441\u043e\u0435\u0434\u0438\u043d\u0438\u0442\u044c\u0441\u044f \u043a \u043d\u0430\u043c \u043e\u0447\u0435\u043d\u044c \u043f\u0440\u043e\u0441\u0442\u043e. \u0421\u043e\u043e\u0431\u0449\u0438\u0442\u0435 \u043d\u0430\u043c \u043e \u0441\u0432\u043e\u0435\u043c \u043d\u0430\u043c\u0435\u0440\u0435\u043d\u0438\u0438 \u043f\u043e \u0442\u0435\u043b\u0435\u0444\u043e\u043d\u0443 633 9240, \u043f\u043e \u044d\u043b. \u043f\u043e\u0447\u0442\u0435 - info@pakendiringlus.ee","og_url":"https:\/\/pakendiringlus.ee\/ru\/\u0443\u0441\u043b\u0443\u0433\u0438\/\u0434\u043b\u044f-\u043f\u0440\u0435\u0434\u043f\u0440\u0438\u043d\u0438\u043c\u0430\u0442\u0435\u043b\u0435\u0439\/\u043a\u0430\u043a-\u043f\u0440\u0438\u0441\u043e\u0435\u0434\u0438\u043d\u0438\u0442\u044c\u0441\u044f\/","og_site_name":"Eesti Pakendiringlus","article_publisher":"https:\/\/www.facebook.com\/profile.php?id=100063504522926","article_modified_time":"2022-11-03T09:15:29+00:00","og_image":[{"width":1200,"height":630,"url":"https:\/\/pakendiringlus.ee\/wp-content\/uploads\/2022\/11\/kuhu-viia-jaatmed-pakendiringlus-01.jpeg","type":"image\/jpeg"}],"twitter_card":"summary_large_image","twitter_misc":{"\u041f\u0440\u0438\u043c\u0435\u0440\u043d\u043e\u0435 \u0432\u0440\u0435\u043c\u044f \u0434\u043b\u044f \u0447\u0442\u0435\u043d\u0438\u044f":"1 \u043c\u0438\u043d\u0443\u0442\u0430"},"schema":{"@context":"https:\/\/schema.org","@graph":[{"@type":"WebPage","@id":"https:\/\/pakendiringlus.ee\/ru\/%d1%83%d1%81%d0%bb%d1%83%d0%b3%d0%b8\/%d0%b4%d0%bb%d1%8f-%d0%bf%d1%80%d0%b5%d0%b4%d0%bf%d1%80%d0%b8%d0%bd%d0%b8%d0%bc%d0%b0%d1%82%d0%b5%d0%bb%d0%b5%d0%b9\/%d0%ba%d0%b0%d0%ba-%d0%bf%d1%80%d0%b8%d1%81%d0%be%d0%b5%d0%b4%d0%b8%d0%bd%d0%b8%d1%82%d1%8c%d1%81%d1%8f\/","url":"https:\/\/pakendiringlus.ee\/ru\/%d1%83%d1%81%d0%bb%d1%83%d0%b3%d0%b8\/%d0%b4%d0%bb%d1%8f-%d0%bf%d1%80%d0%b5%d0%b4%d0%bf%d1%80%d0%b8%d0%bd%d0%b8%d0%bc%d0%b0%d1%82%d0%b5%d0%bb%d0%b5%d0%b9\/%d0%ba%d0%b0%d0%ba-%d0%bf%d1%80%d0%b8%d1%81%d0%be%d0%b5%d0%b4%d0%b8%d0%bd%d0%b8%d1%82%d1%8c%d1%81%d1%8f\/","name":"\u041a\u0430\u043a \u0441\u0442\u0430\u0442\u044c \u0447\u043b\u0435\u043d\u043e\u043c \u042d\u0441\u0442\u043e\u043d\u0441\u043a\u043e\u0439 \u0430\u0441\u0441\u043e\u0446\u0438\u0430\u0446\u0438\u0438 \u0443\u043f\u0430\u043a\u043e\u0432\u043a\u0438?","isPartOf":{"@id":"https:\/\/pakendiringlus.ee\/#website"},"primaryImageOfPage":{"@id":"https:\/\/pakendiringlus.ee\/ru\/%d1%83%d1%81%d0%bb%d1%83%d0%b3%d0%b8\/%d0%b4%d0%bb%d1%8f-%d0%bf%d1%80%d0%b5%d0%b4%d0%bf%d1%80%d0%b8%d0%bd%d0%b8%d0%bc%d0%b0%d1%82%d0%b5%d0%bb%d0%b5%d0%b9\/%d0%ba%d0%b0%d0%ba-%d0%bf%d1%80%d0%b8%d1%81%d0%be%d0%b5%d0%b4%d0%b8%d0%bd%d0%b8%d1%82%d1%8c%d1%81%d1%8f\/#primaryimage"},"image":{"@id":"https:\/\/pakendiringlus.ee\/ru\/%d1%83%d1%81%d0%bb%d1%83%d0%b3%d0%b8\/%d0%b4%d0%bb%d1%8f-%d0%bf%d1%80%d0%b5%d0%b4%d0%bf%d1%80%d0%b8%d0%bd%d0%b8%d0%bc%d0%b0%d1%82%d0%b5%d0%bb%d0%b5%d0%b9\/%d0%ba%d0%b0%d0%ba-%d0%bf%d1%80%d0%b8%d1%81%d0%be%d0%b5%d0%b4%d0%b8%d0%bd%d0%b8%d1%82%d1%8c%d1%81%d1%8f\/#primaryimage"},"thumbnailUrl":"https:\/\/pakendiringlus.ee\/wp-content\/uploads\/2022\/11\/kuhu-viia-jaatmed-pakendiringlus-01.jpeg","datePublished":"2020-01-30T10:49:15+00:00","dateModified":"2022-11-03T09:15:29+00:00","description":"\u041f\u0440\u0438\u0441\u043e\u0435\u0434\u0438\u043d\u0438\u0442\u044c\u0441\u044f \u043a \u043d\u0430\u043c \u043e\u0447\u0435\u043d\u044c \u043f\u0440\u043e\u0441\u0442\u043e. \u0421\u043e\u043e\u0431\u0449\u0438\u0442\u0435 \u043d\u0430\u043c \u043e \u0441\u0432\u043e\u0435\u043c \u043d\u0430\u043c\u0435\u0440\u0435\u043d\u0438\u0438 \u043f\u043e \u0442\u0435\u043b\u0435\u0444\u043e\u043d\u0443 633 9240, \u043f\u043e \u044d\u043b. \u043f\u043e\u0447\u0442\u0435 - info@pakendiringlus.ee","breadcrumb":{"@id":"https:\/\/pakendiringlus.ee\/ru\/%d1%83%d1%81%d0%bb%d1%83%d0%b3%d0%b8\/%d0%b4%d0%bb%d1%8f-%d0%bf%d1%80%d0%b5%d0%b4%d0%bf%d1%80%d0%b8%d0%bd%d0%b8%d0%bc%d0%b0%d1%82%d0%b5%d0%bb%d0%b5%d0%b9\/%d0%ba%d0%b0%d0%ba-%d0%bf%d1%80%d0%b8%d1%81%d0%be%d0%b5%d0%b4%d0%b8%d0%bd%d0%b8%d1%82%d1%8c%d1%81%d1%8f\/#breadcrumb"},"inLanguage":"ru-RU","potentialAction":[{"@type":"ReadAction","target":["https:\/\/pakendiringlus.ee\/ru\/%d1%83%d1%81%d0%bb%d1%83%d0%b3%d0%b8\/%d0%b4%d0%bb%d1%8f-%d0%bf%d1%80%d0%b5%d0%b4%d0%bf%d1%80%d0%b8%d0%bd%d0%b8%d0%bc%d0%b0%d1%82%d0%b5%d0%bb%d0%b5%d0%b9\/%d0%ba%d0%b0%d0%ba-%d0%bf%d1%80%d0%b8%d1%81%d0%be%d0%b5%d0%b4%d0%b8%d0%bd%d0%b8%d1%82%d1%8c%d1%81%d1%8f\/"]}]},{"@type":"ImageObject","inLanguage":"ru-RU","@id":"https:\/\/pakendiringlus.ee\/ru\/%d1%83%d1%81%d0%bb%d1%83%d0%b3%d0%b8\/%d0%b4%d0%bb%d1%8f-%d0%bf%d1%80%d0%b5%d0%b4%d0%bf%d1%80%d0%b8%d0%bd%d0%b8%d0%bc%d0%b0%d1%82%d0%b5%d0%bb%d0%b5%d0%b9\/%d0%ba%d0%b0%d0%ba-%d0%bf%d1%80%d0%b8%d1%81%d0%be%d0%b5%d0%b4%d0%b8%d0%bd%d0%b8%d1%82%d1%8c%d1%81%d1%8f\/#primaryimage","url":"https:\/\/pakendiringlus.ee\/wp-content\/uploads\/2022\/11\/kuhu-viia-jaatmed-pakendiringlus-01.jpeg","contentUrl":"https:\/\/pakendiringlus.ee\/wp-content\/uploads\/2022\/11\/kuhu-viia-jaatmed-pakendiringlus-01.jpeg","width":1200,"height":630,"caption":"kuhu viia j\u00e4\u00e4tmed pr\u00fcgi vana elektroonika patareid"},{"@type":"BreadcrumbList","@id":"https:\/\/pakendiringlus.ee\/ru\/%d1%83%d1%81%d0%bb%d1%83%d0%b3%d0%b8\/%d0%b4%d0%bb%d1%8f-%d0%bf%d1%80%d0%b5%d0%b4%d0%bf%d1%80%d0%b8%d0%bd%d0%b8%d0%bc%d0%b0%d1%82%d0%b5%d0%bb%d0%b5%d0%b9\/%d0%ba%d0%b0%d0%ba-%d0%bf%d1%80%d0%b8%d1%81%d0%be%d0%b5%d0%b4%d0%b8%d0%bd%d0%b8%d1%82%d1%8c%d1%81%d1%8f\/#breadcrumb","itemListElement":[{"@type":"ListItem","position":1,"name":"Home","item":"https:\/\/pakendiringlus.ee\/"},{"@type":"ListItem","position":2,"name":"\u0423\u0441\u043b\u0443\u0433\u0438","item":"https:\/\/pakendiringlus.ee\/ru\/%d1%83%d1%81%d0%bb%d1%83%d0%b3%d0%b8\/"},{"@type":"ListItem","position":3,"name":"\u0414\u043b\u044f \u043f\u0440\u0435\u0434\u043f\u0440\u0438\u043d\u0438\u043c\u0430\u0442\u0435\u043b\u0435\u0439","item":"https:\/\/pakendiringlus.ee\/ru\/%d1%83%d1%81%d0%bb%d1%83%d0%b3%d0%b8\/%d0%b4%d0%bb%d1%8f-%d0%bf%d1%80%d0%b5%d0%b4%d0%bf%d1%80%d0%b8%d0%bd%d0%b8%d0%bc%d0%b0%d1%82%d0%b5%d0%bb%d0%b5%d0%b9\/"},{"@type":"ListItem","position":4,"name":"\u041a\u0430\u043a \u043f\u0440\u0438\u0441\u043e\u0435\u0434\u0438\u043d\u0438\u0442\u044c\u0441\u044f?"}]},{"@type":"WebSite","@id":"https:\/\/pakendiringlus.ee\/#website","url":"https:\/\/pakendiringlus.ee\/","name":"Eesti Pakendiringlus","description":"","publisher":{"@id":"https:\/\/pakendiringlus.ee\/#organization"},"alternateName":"www.pakendiringlus.ee","potentialAction":[{"@type":"SearchAction","target":{"@type":"EntryPoint","urlTemplate":"https:\/\/pakendiringlus.ee\/?s={search_term_string}"},"query-input":{"@type":"PropertyValueSpecification","valueRequired":true,"valueName":"search_term_string"}}],"inLanguage":"ru-RU"},{"@type":"Organization","@id":"https:\/\/pakendiringlus.ee\/#organization","name":"Eesti Pakendiringlus","url":"https:\/\/pakendiringlus.ee\/","logo":{"@type":"ImageObject","inLanguage":"ru-RU","@id":"https:\/\/pakendiringlus.ee\/#\/schema\/logo\/image\/","url":"https:\/\/pakendiringlus.ee\/wp-content\/uploads\/2022\/10\/eesti-pakendiringlus-logo-small.png","contentUrl":"https:\/\/pakendiringlus.ee\/wp-content\/uploads\/2022\/10\/eesti-pakendiringlus-logo-small.png","width":238,"height":212,"caption":"Eesti Pakendiringlus"},"image":{"@id":"https:\/\/pakendiringlus.ee\/#\/schema\/logo\/image\/"},"sameAs":["https:\/\/www.facebook.com\/profile.php?id=100063504522926"]}]}},"_links":{"self":[{"href":"https:\/\/staging.pakendiringlus.ee\/ru\/wp-json\/wp\/v2\/pages\/685"}],"collection":[{"href":"https:\/\/staging.pakendiringlus.ee\/ru\/wp-json\/wp\/v2\/pages"}],"about":[{"href":"https:\/\/staging.pakendiringlus.ee\/ru\/wp-json\/wp\/v2\/types\/page"}],"author":[{"embeddable":true,"href":"https:\/\/staging.pakendiringlus.ee\/ru\/wp-json\/wp\/v2\/users\/5"}],"replies":[{"embeddable":true,"href":"https:\/\/staging.pakendiringlus.ee\/ru\/wp-json\/wp\/v2\/comments?post=685"}],"version-history":[{"count":1,"href":"https:\/\/staging.pakendiringlus.ee\/ru\/wp-json\/wp\/v2\/pages\/685\/revisions"}],"predecessor-version":[{"id":686,"href":"https:\/\/staging.pakendiringlus.ee\/ru\/wp-json\/wp\/v2\/pages\/685\/revisions\/686"}],"up":[{"embeddable":true,"href":"https:\/\/staging.pakendiringlus.ee\/ru\/wp-json\/wp\/v2\/pages\/664"}],"wp:featuredmedia":[{"embeddable":true,"href":"https:\/\/staging.pakendiringlus.ee\/ru\/wp-json\/wp\/v2\/media\/1938"}],"wp:attachment":[{"href":"https:\/\/staging.pakendiringlus.ee\/ru\/wp-json\/wp\/v2\/media?parent=685"}],"curies":[{"name":"wp","href":"https:\/\/api.w.org\/{rel}","templated":true}]}}